{"id":366,"date":"2023-07-03T22:22:23","date_gmt":"2023-07-04T01:22:23","guid":{"rendered":"https:\/\/www.digamo.uy\/index.php\/producto\/producto\/"},"modified":"2024-08-15T19:50:12","modified_gmt":"2024-08-15T22:50:12","slug":"arnes-para-caminar-aiebao-arnes-de-seguridad-para-bebe","status":"publish","type":"product","link":"https:\/\/www.digamo.uy\/index.php\/producto\/arnes-para-caminar-aiebao-arnes-de-seguridad-para-bebe\/","title":{"rendered":"Arn\u00e9s Para Caminar Aiebao Arn\u00e9s De Seguridad Para Bebe"},"content":{"rendered":"<p>Arn\u00e9s para caminar Aiebao (A2019)<\/p>\n<p>Practico arn\u00e9s para que t\u00fa bebe camine c\u00f3modo y seguro.<\/p>\n","protected":false},"excerpt":{"rendered":"<p>Arn\u00e9s para caminar Aiebao (A2019) Practico arn\u00e9s para que t\u00fa bebe camine c\u00f3modo y seguro.<\/p>\n","protected":false},"featured_media":25042,"comment_status":"open","ping_status":"closed","template":"","meta":[],"product_cat":[91,21,28],"product_tag":[],"class_list":{"0":"post-366","1":"product","2":"type-product","3":"status-publish","4":"has-post-thumbnail","6":"product_cat-arneses","7":"product_cat-beb-s","8":"product_cat-paseo-del-beb","10":"first","11":"instock","12":"shipping-taxable","13":"purchasable","14":"product-type-variable"},"_links":{"self":[{"href":"https:\/\/www.digamo.uy\/index.php\/wp-json\/wp\/v2\/product\/366","targetHints":{"allow":["GET"]}}],"collection":[{"href":"https:\/\/www.digamo.uy\/index.php\/wp-json\/wp\/v2\/product"}],"about":[{"href":"https:\/\/www.digamo.uy\/index.php\/wp-json\/wp\/v2\/types\/product"}],"replies":[{"embeddable":true,"href":"https:\/\/www.digamo.uy\/index.php\/wp-json\/wp\/v2\/comments?post=366"}],"wp:featuredmedia":[{"embeddable":true,"href":"https:\/\/www.digamo.uy\/index.php\/wp-json\/wp\/v2\/media\/25042"}],"wp:attachment":[{"href":"https:\/\/www.digamo.uy\/index.php\/wp-json\/wp\/v2\/media?parent=366"}],"wp:term":[{"taxonomy":"product_cat","embeddable":true,"href":"https:\/\/www.digamo.uy\/index.php\/wp-json\/wp\/v2\/product_cat?post=366"},{"taxonomy":"product_tag","embeddable":true,"href":"https:\/\/www.digamo.uy\/index.php\/wp-json\/wp\/v2\/product_tag?post=366"}],"curies":[{"name":"wp","href":"https:\/\/api.w.org\/{rel}","templated":true}]}}