{"id":3712,"date":"2023-07-04T20:16:06","date_gmt":"2023-07-04T23:16:06","guid":{"rendered":"https:\/\/www.digamo.uy\/index.php\/producto\/producto\/"},"modified":"2024-08-13T22:12:42","modified_gmt":"2024-08-14T01:12:42","slug":"silla-alta-de-comer-ziggy-3-en-1-baby-trend","status":"publish","type":"product","link":"https:\/\/www.digamo.uy\/index.php\/producto\/silla-alta-de-comer-ziggy-3-en-1-baby-trend\/","title":{"rendered":"Silla Alta De Comer Ziggy 3 En 1 &#8211; Baby Trend"},"content":{"rendered":"<p>Silla Alta de comer Ziggy 3 en 1 &#8211; Baby Trend<\/p>\n<p>-3 Posiciones de reclinado.<\/p>\n<p>-6 diferentes alturas para la silla.<\/p>\n<p>-Arn\u00e9s de 5 puntas para mayor seguridad con fundas en correas para mas comodidad.<\/p>\n<p>-2 bandejas de f\u00e1cil retiro para lavar a mano o lavavajillas.<\/p>\n<p>-Funda f\u00e1cil de retirar y lavable.<\/p>\n<p>-F\u00e1cil de Plegar queda muy compacta.<\/p>\n<p>-Bandejas y asiento libres de BPA<\/p>\n<p>-Certificada JPMA.<\/p>\n<p>-Soporta un peso de hasta 18kg<\/p>\n","protected":false},"excerpt":{"rendered":"<p>Silla Alta de comer Ziggy 3 en 1 &#8211; Baby Trend -3 Posiciones de reclinado. -6 diferentes alturas para la silla. -Arn\u00e9s de 5 puntas para mayor seguridad con fundas en correas para mas comodidad. -2 bandejas de f\u00e1cil retiro para lavar a mano o lavavajillas. -Funda f\u00e1cil de retirar [&hellip;]<\/p>\n","protected":false},"featured_media":15624,"comment_status":"open","ping_status":"closed","template":"","meta":[],"product_cat":[21,99,206],"product_tag":[],"class_list":{"0":"post-3712","1":"product","2":"type-product","3":"status-publish","4":"has-post-thumbnail","6":"product_cat-beb-s","7":"product_cat-lactancia-y-alimentaci-n","8":"product_cat-sillas-de-comer","10":"first","11":"outofstock","12":"shipping-taxable","13":"purchasable","14":"product-type-variable"},"_links":{"self":[{"href":"https:\/\/www.digamo.uy\/index.php\/wp-json\/wp\/v2\/product\/3712","targetHints":{"allow":["GET"]}}],"collection":[{"href":"https:\/\/www.digamo.uy\/index.php\/wp-json\/wp\/v2\/product"}],"about":[{"href":"https:\/\/www.digamo.uy\/index.php\/wp-json\/wp\/v2\/types\/product"}],"replies":[{"embeddable":true,"href":"https:\/\/www.digamo.uy\/index.php\/wp-json\/wp\/v2\/comments?post=3712"}],"wp:featuredmedia":[{"embeddable":true,"href":"https:\/\/www.digamo.uy\/index.php\/wp-json\/wp\/v2\/media\/15624"}],"wp:attachment":[{"href":"https:\/\/www.digamo.uy\/index.php\/wp-json\/wp\/v2\/media?parent=3712"}],"wp:term":[{"taxonomy":"product_cat","embeddable":true,"href":"https:\/\/www.digamo.uy\/index.php\/wp-json\/wp\/v2\/product_cat?post=3712"},{"taxonomy":"product_tag","embeddable":true,"href":"https:\/\/www.digamo.uy\/index.php\/wp-json\/wp\/v2\/product_tag?post=3712"}],"curies":[{"name":"wp","href":"https:\/\/api.w.org\/{rel}","templated":true}]}}