{"id":3754,"date":"2023-07-04T23:17:24","date_gmt":"2023-07-04T23:17:24","guid":{"rendered":"https:\/\/www.digamo.uy\/index.php\/producto\/producto\/"},"modified":"2023-07-04T23:17:32","modified_gmt":"2023-07-04T23:17:32","slug":"coche-paraguita-ultraliviano-royal-infanti","status":"publish","type":"product","link":"https:\/\/www.digamo.uy\/index.php\/producto\/coche-paraguita-ultraliviano-royal-infanti\/","title":{"rendered":"Coche Parag\u00fcita Ultraliviano &#8211; Royal &#8211; Infanti"},"content":{"rendered":"<p>Coche Parag\u00fcita Ultraliviano &#8211; Royal &#8211; Infanti (S902)<\/p>\n<p>El coche de paseo Royal Baby de Infanti es elegante, liviano, fuerte y compacto. Apto desde el nacimiento del beb\u00e9, es totalmente reclinable y plegable. Combina un gran dise\u00f1o, telas espectaculares y agradables, y una configuraci\u00f3n de prestaciones de gran nivel.<\/p>\n<p>&#8211; Modelo Royal Baby<\/p>\n<p>&#8211; Coche liviano de dise\u00f1o innovador, seguro y confortable.<\/p>\n<p>&#8211; Fabricado con materiales de alta calidad y resistencia, es f\u00e1cil de limpiar.<\/p>\n<p>&#8211; Apto desde el nacimiento y hasta los 18 kg.<\/p>\n<p>&#8211; Chasis robusto y liviano.<\/p>\n<p>&#8211; Tejidos lujosos de melange extra\u00edbles y lavables.<\/p>\n<p>&#8211; Liviano y c\u00f3modo de maniobrar; f\u00e1cil plegado total.<\/p>\n<p>&#8211; Amplio y ventilado.<\/p>\n<p>&#8211; Capota grande con visor para los padres.<\/p>\n<p>&#8211; Mango revestido de cuero ecol\u00f3gico.<\/p>\n<p>&#8211; Respaldo totalmente reclinable.<\/p>\n<p>&#8211; Arn\u00e9s de seguridad de 5 puntas.<\/p>\n<p>&#8211; Barra apoya-brazos.<\/p>\n<p>&#8211; Reposapi\u00e9s regulable y canasto porta-objetos inferior.<\/p>\n<p>&#8211; Dos ruedas delanteras dobles, fijas o giratorias, para todo tipo de terreno.<\/p>\n<p>&#8211; Ruedas traseras simples con freno autom\u00e1tico.<\/p>\n<p>&#8211; Cierre y armado autom\u00e1tico. Plegado compacto para su traslado.<\/p>\n<p>&#8211; Porta-vaso desmontable.<\/p>\n<p>&#8211; Incluye bolso para su guardado y transporte<\/p>\n<p>&#8211; Se presenta en colores: gris o negro.<\/p>\n<p>&#8211; Peso recomendado: de 0 a 18 kg. (de 0 a 4 a\u00f1os).<\/p>\n<p>&#8211; Peso: 7,2 kg.<\/p>\n","protected":false},"excerpt":{"rendered":"<p>Coche Parag\u00fcita Ultraliviano &#8211; Royal &#8211; Infanti (S902) El coche de paseo Royal Baby de Infanti es elegante, liviano, fuerte y compacto. Apto desde el nacimiento del beb\u00e9, es totalmente reclinable y plegable. Combina un gran dise\u00f1o, telas espectaculares y agradables, y una configuraci\u00f3n de prestaciones de gran nivel. &#8211; [&hellip;]<\/p>\n","protected":false},"featured_media":3755,"comment_status":"open","ping_status":"closed","template":"","meta":[],"product_cat":[21,104,28],"product_tag":[],"class_list":{"0":"post-3754","1":"product","2":"type-product","3":"status-publish","4":"has-post-thumbnail","6":"product_cat-beb-s","7":"product_cat-cochecitos-para-beb-s","8":"product_cat-paseo-del-beb","10":"first","11":"instock","12":"shipping-taxable","13":"purchasable","14":"product-type-variable"},"_links":{"self":[{"href":"https:\/\/www.digamo.uy\/index.php\/wp-json\/wp\/v2\/product\/3754","targetHints":{"allow":["GET"]}}],"collection":[{"href":"https:\/\/www.digamo.uy\/index.php\/wp-json\/wp\/v2\/product"}],"about":[{"href":"https:\/\/www.digamo.uy\/index.php\/wp-json\/wp\/v2\/types\/product"}],"replies":[{"embeddable":true,"href":"https:\/\/www.digamo.uy\/index.php\/wp-json\/wp\/v2\/comments?post=3754"}],"wp:featuredmedia":[{"embeddable":true,"href":"https:\/\/www.digamo.uy\/index.php\/wp-json\/wp\/v2\/media\/3755"}],"wp:attachment":[{"href":"https:\/\/www.digamo.uy\/index.php\/wp-json\/wp\/v2\/media?parent=3754"}],"wp:term":[{"taxonomy":"product_cat","embeddable":true,"href":"https:\/\/www.digamo.uy\/index.php\/wp-json\/wp\/v2\/product_cat?post=3754"},{"taxonomy":"product_tag","embeddable":true,"href":"https:\/\/www.digamo.uy\/index.php\/wp-json\/wp\/v2\/product_tag?post=3754"}],"curies":[{"name":"wp","href":"https:\/\/api.w.org\/{rel}","templated":true}]}}