{"id":3989,"date":"2023-07-04T20:23:21","date_gmt":"2023-07-04T23:23:21","guid":{"rendered":"https:\/\/www.digamo.uy\/index.php\/producto\/producto\/"},"modified":"2024-08-13T22:20:36","modified_gmt":"2024-08-14T01:20:36","slug":"torre-de-bloques-apilables-jenga-de-madera-polar-b","status":"publish","type":"product","link":"https:\/\/www.digamo.uy\/index.php\/producto\/torre-de-bloques-apilables-jenga-de-madera-polar-b\/","title":{"rendered":"Torre De Bloques Apilables Jenga De Madera Polar B"},"content":{"rendered":"<p>Torre de bloques Jenga (44011)<\/p>\n<p>Jenga es el juego favorito de generaciones.<br \/>\nEl objetivo es construir la torre m\u00e1s alta posible con las baldosas de madera. El jugador en la fila debe quitar con mucho cuidado una de las fichas de los pisos inferiores de la torre, siguiendo el color que se muestra en los dados, y luego colocarla en la parte superior. La torre debe permanecer estable y no colapsar.<br \/>\nEl juego estimula la motricidad fina, el equilibrio, el pensamiento l\u00f3gico y la percepci\u00f3n del color. Est\u00e1 fabricado en madera, en colores suaves, con pinturas al agua.<br \/>\nEl set contiene: 30 fichas, una cabeza de oso para la parte superior y 2 dados.<\/p>\n","protected":false},"excerpt":{"rendered":"<p>Torre de bloques Jenga (44011) Jenga es el juego favorito de generaciones. El objetivo es construir la torre m\u00e1s alta posible con las baldosas de madera. El jugador en la fila debe quitar con mucho cuidado una de las fichas de los pisos inferiores de la torre, siguiendo el color [&hellip;]<\/p>\n","protected":false},"featured_media":15866,"comment_status":"open","ping_status":"closed","template":"","meta":[],"product_cat":[45,24,46],"product_tag":[],"class_list":{"0":"post-3989","1":"product","2":"type-product","3":"status-publish","4":"has-post-thumbnail","6":"product_cat-bloques-y-figuras-para-armar","7":"product_cat-juegos-y-juguetes","8":"product_cat-juguetes-de-construcci-n","10":"first","11":"instock","12":"shipping-taxable","13":"purchasable","14":"product-type-simple"},"_links":{"self":[{"href":"https:\/\/www.digamo.uy\/index.php\/wp-json\/wp\/v2\/product\/3989","targetHints":{"allow":["GET"]}}],"collection":[{"href":"https:\/\/www.digamo.uy\/index.php\/wp-json\/wp\/v2\/product"}],"about":[{"href":"https:\/\/www.digamo.uy\/index.php\/wp-json\/wp\/v2\/types\/product"}],"replies":[{"embeddable":true,"href":"https:\/\/www.digamo.uy\/index.php\/wp-json\/wp\/v2\/comments?post=3989"}],"wp:featuredmedia":[{"embeddable":true,"href":"https:\/\/www.digamo.uy\/index.php\/wp-json\/wp\/v2\/media\/15866"}],"wp:attachment":[{"href":"https:\/\/www.digamo.uy\/index.php\/wp-json\/wp\/v2\/media?parent=3989"}],"wp:term":[{"taxonomy":"product_cat","embeddable":true,"href":"https:\/\/www.digamo.uy\/index.php\/wp-json\/wp\/v2\/product_cat?post=3989"},{"taxonomy":"product_tag","embeddable":true,"href":"https:\/\/www.digamo.uy\/index.php\/wp-json\/wp\/v2\/product_tag?post=3989"}],"curies":[{"name":"wp","href":"https:\/\/api.w.org\/{rel}","templated":true}]}}