{"id":4076,"date":"2023-07-04T20:25:32","date_gmt":"2023-07-04T23:25:32","guid":{"rendered":"https:\/\/www.digamo.uy\/index.php\/producto\/producto\/"},"modified":"2024-08-13T22:23:39","modified_gmt":"2024-08-14T01:23:39","slug":"coche-de-bebe-travel-system-moises-baby-silla-cloud-infanti","status":"publish","type":"product","link":"https:\/\/www.digamo.uy\/index.php\/producto\/coche-de-bebe-travel-system-moises-baby-silla-cloud-infanti\/","title":{"rendered":"Coche De Bebe Travel System Moises Baby Silla Cloud Infanti"},"content":{"rendered":"<p>Coche de beb\u00e9 travel system cloud (SP68)<\/p>\n<p>Disfruta la comodidad del coche Cloud de Infanti cuenta con asiento es multiposici\u00f3n podr\u00e1s mirar a tu beb\u00e9 mientras estas paseando con \u00e9l.<br \/>\nCoche de paseo y una baby-silla para el auto. Reclinable, con bandeja, apoya pi\u00e9s, canasto y plegable, ofrece comodidad al ni\u00f1o y funcionalidad para los padres, lo que lo hace conveniente para todas las ocasiones: Ideal para uso diario, viajes en tren y avi\u00f3n<\/p>\n<p>Caracter\u00edsticas del coche:<br \/>\n*El asiento orientado hacia adelante y hacia atr\u00e1s.<br \/>\n*Se puede convertir en cuna o mois\u00e9s.<br \/>\n*Seguridad: tiene arn\u00e9s de 5 puntas.<br \/>\n*3 posiciones de reclinado.<br \/>\n*Funda desmontable<br \/>\n*Toldo desmontable y ajustable.<br \/>\n*4 ruedas seguras y duraderas<br \/>\n*Parachoques delantero desmontable.<br \/>\n*Apoya pi\u00e9s.<br \/>\n*Coche plegable con 2 manos.<br \/>\n*Ruedas delanteras giratorias o fijas y con funci\u00f3n de suspensi\u00f3n, desmontables.<br \/>\n*Ruedas traseras con freno y con suspensi\u00f3n, desmontables<br \/>\n*Recomendado a partir del nacimiento hasta los 4 a\u00f1os.<br \/>\n*Peso M\u00e1ximo recomendado 18 kg.<br \/>\n*Altura de manija 105 cm (Ajustable).<br \/>\n*Dimensiones de coche (ancho x alto x profundidad): 54 cm x 89 cm  x 40 cm<br \/>\n*Material del coche: Aluminio y Poliester<br \/>\n*Peso del coche: 16 kg<br \/>\n*Cierre y armado autom\u00e1tico. F\u00e1cil plegado para su traslado<br \/>\n*Mango ergon\u00f3mico.<br \/>\n*Reclinado con ajuste en tres posiciones.<\/p>\n<p>Caracter\u00edsticas  de la baby silla:<br \/>\n*Recomendado desde el nacimiento hasta los 12 meses (0+).<br \/>\n*Peso M\u00e1ximo recomendado 13 kg<br \/>\n*Sistema de anclaje al auto, con el Cintur\u00f3n de seguridad de 3 puntas.<br \/>\n*Seguridad: Arn\u00e9s de 3 puntas.<br \/>\n*Funda desmontable acolchada y lavable.<br \/>\n*Apoya cabeza.<br \/>\n*Peso de la silla 5,2 kg.<br \/>\n*Tres posiciones de reclinado.<br \/>\n*Capota retr\u00e1ctil.<br \/>\n*Reductor de cabeza y reductores laterales.<br \/>\n*Protector de hombros.<\/p>\n","protected":false},"excerpt":{"rendered":"<p>Coche de beb\u00e9 travel system cloud (SP68) Disfruta la comodidad del coche Cloud de Infanti cuenta con asiento es multiposici\u00f3n podr\u00e1s mirar a tu beb\u00e9 mientras estas paseando con \u00e9l. Coche de paseo y una baby-silla para el auto. Reclinable, con bandeja, apoya pi\u00e9s, canasto y plegable, ofrece comodidad al [&hellip;]<\/p>\n","protected":false},"featured_media":15931,"comment_status":"open","ping_status":"closed","template":"","meta":[],"product_cat":[21,104,28],"product_tag":[],"class_list":{"0":"post-4076","1":"product","2":"type-product","3":"status-publish","4":"has-post-thumbnail","6":"product_cat-beb-s","7":"product_cat-cochecitos-para-beb-s","8":"product_cat-paseo-del-beb","10":"first","11":"outofstock","12":"shipping-taxable","13":"purchasable","14":"product-type-variable"},"_links":{"self":[{"href":"https:\/\/www.digamo.uy\/index.php\/wp-json\/wp\/v2\/product\/4076","targetHints":{"allow":["GET"]}}],"collection":[{"href":"https:\/\/www.digamo.uy\/index.php\/wp-json\/wp\/v2\/product"}],"about":[{"href":"https:\/\/www.digamo.uy\/index.php\/wp-json\/wp\/v2\/types\/product"}],"replies":[{"embeddable":true,"href":"https:\/\/www.digamo.uy\/index.php\/wp-json\/wp\/v2\/comments?post=4076"}],"wp:featuredmedia":[{"embeddable":true,"href":"https:\/\/www.digamo.uy\/index.php\/wp-json\/wp\/v2\/media\/15931"}],"wp:attachment":[{"href":"https:\/\/www.digamo.uy\/index.php\/wp-json\/wp\/v2\/media?parent=4076"}],"wp:term":[{"taxonomy":"product_cat","embeddable":true,"href":"https:\/\/www.digamo.uy\/index.php\/wp-json\/wp\/v2\/product_cat?post=4076"},{"taxonomy":"product_tag","embeddable":true,"href":"https:\/\/www.digamo.uy\/index.php\/wp-json\/wp\/v2\/product_tag?post=4076"}],"curies":[{"name":"wp","href":"https:\/\/api.w.org\/{rel}","templated":true}]}}