{"id":4129,"date":"2023-07-04T20:26:33","date_gmt":"2023-07-04T23:26:33","guid":{"rendered":"https:\/\/www.digamo.uy\/index.php\/producto\/producto\/"},"modified":"2024-08-14T23:11:08","modified_gmt":"2024-08-15T02:11:08","slug":"ladrillos-y-ventanas-clasicos-classic-450-piezas-lego","status":"publish","type":"product","link":"https:\/\/www.digamo.uy\/index.php\/producto\/ladrillos-y-ventanas-clasicos-classic-450-piezas-lego\/","title":{"rendered":"Ladrillos Y Ventanas Cl\u00e1sicos\/classic &#8211; 450 Piezas &#8211; Lego"},"content":{"rendered":"<p>Ladrillos\/Bloques y ventanas Classic Ideas &#8211; LEGO (11004)<\/p>\n<p>Contiene: 450 piezas. <\/p>\n<p>Edad recomendada + 4 a\u00f1os.<\/p>\n<p>Construye y aprende a usar ladrillos de construcci\u00f3n LEGO de formas nuevas y creativas. <\/p>\n<p>Desde una casa encantada a un robot con una barriga de armario, los j\u00f3venes constructores disfrutar\u00e1n creando estos divertidos juguetes LEGO.<\/p>\n<p>Este kit de construcci\u00f3n LEGO Classic ofrece un mundo de creatividad con una colorida selecci\u00f3n de ladrillos y piezas de LEGO, incluyendo ojos, ruedas, bisagras y un amplio surtido de ventanas y puertas LEGO.<\/p>\n<p>450 piezas \u2013 para ni\u00f1os y ni\u00f1as a partir de 4 a\u00f1os y para fans y ni\u00f1os de todas las edades.<\/p>\n<p>Este juego LEGO Classic Ventantas se puede construir junto con todos los dem\u00e1s juegos originales de LEGO y ladrillos LEGO para un edificio creativo.<\/p>\n","protected":false},"excerpt":{"rendered":"<p>Ladrillos\/Bloques y ventanas Classic Ideas &#8211; LEGO (11004) Contiene: 450 piezas. Edad recomendada + 4 a\u00f1os. Construye y aprende a usar ladrillos de construcci\u00f3n LEGO de formas nuevas y creativas. Desde una casa encantada a un robot con una barriga de armario, los j\u00f3venes constructores disfrutar\u00e1n creando estos divertidos juguetes [&hellip;]<\/p>\n","protected":false},"featured_media":18997,"comment_status":"open","ping_status":"closed","template":"","meta":[],"product_cat":[45,24,46],"product_tag":[],"class_list":{"0":"post-4129","1":"product","2":"type-product","3":"status-publish","4":"has-post-thumbnail","6":"product_cat-bloques-y-figuras-para-armar","7":"product_cat-juegos-y-juguetes","8":"product_cat-juguetes-de-construcci-n","10":"first","11":"outofstock","12":"shipping-taxable","13":"purchasable","14":"product-type-simple"},"_links":{"self":[{"href":"https:\/\/www.digamo.uy\/index.php\/wp-json\/wp\/v2\/product\/4129","targetHints":{"allow":["GET"]}}],"collection":[{"href":"https:\/\/www.digamo.uy\/index.php\/wp-json\/wp\/v2\/product"}],"about":[{"href":"https:\/\/www.digamo.uy\/index.php\/wp-json\/wp\/v2\/types\/product"}],"replies":[{"embeddable":true,"href":"https:\/\/www.digamo.uy\/index.php\/wp-json\/wp\/v2\/comments?post=4129"}],"wp:featuredmedia":[{"embeddable":true,"href":"https:\/\/www.digamo.uy\/index.php\/wp-json\/wp\/v2\/media\/18997"}],"wp:attachment":[{"href":"https:\/\/www.digamo.uy\/index.php\/wp-json\/wp\/v2\/media?parent=4129"}],"wp:term":[{"taxonomy":"product_cat","embeddable":true,"href":"https:\/\/www.digamo.uy\/index.php\/wp-json\/wp\/v2\/product_cat?post=4129"},{"taxonomy":"product_tag","embeddable":true,"href":"https:\/\/www.digamo.uy\/index.php\/wp-json\/wp\/v2\/product_tag?post=4129"}],"curies":[{"name":"wp","href":"https:\/\/api.w.org\/{rel}","templated":true}]}}