{"id":4151,"date":"2023-07-04T20:27:08","date_gmt":"2023-07-04T23:27:08","guid":{"rendered":"https:\/\/www.digamo.uy\/index.php\/producto\/producto\/"},"modified":"2024-08-14T23:12:13","modified_gmt":"2024-08-15T02:12:13","slug":"manta-y-alfombra-didactica-de-bebe-my-feelings-taf-toys","status":"publish","type":"product","link":"https:\/\/www.digamo.uy\/index.php\/producto\/manta-y-alfombra-didactica-de-bebe-my-feelings-taf-toys\/","title":{"rendered":"Manta Y Alfombra Did\u00e1ctica De Bebe My Feelings Taf Toys"},"content":{"rendered":"<p>Manta did\u00e1ctica My feelings (T12545)<\/p>\n<p>Una almohadilla blanda arrugada de doble cara que se puede colocar en dos variaciones para dos etapas de desarrollo.<br \/>\nEste libro presenta al beb\u00e9 cinco expresiones esenciales: feliz, triste, somnoliento, hambriento y sorprendido.<br \/>\nIdentificar el rango de emociones ayuda a promover la inteligencia emocional y la interacci\u00f3n entre padres y beb\u00e9s mientras explora las actividades l\u00fadicas.<br \/>\nTu beb\u00e9 se divertir\u00e1 much\u00edsimo explorando diferentes texturas e ilustraciones divertidas con el innovador My Feelings Crinkle Toy<\/p>\n<p>Se puede jugar con el piso plano, al pasear afuera o de pie, lo que alentar\u00e1 a su beb\u00e9 a practicar el tiempo boca abajo<br \/>\n\u00a1Para un desarrollo m\u00e1s f\u00e1cil y una crianza m\u00e1s f\u00e1cil!<br \/>\nJuguete arrugado de doble cara Mis sentimientos para 2 etapas de desarrollo. Etapa 1: 0-3 meses &#8211; ilustraciones de alto contraste. Etapa 2: 3 meses + lado colorido<br \/>\nPresenta ilustraciones vibrantes, actividades divertidas y texturas arrugadas<br \/>\nAyuda al desarrollo sensorial, habilidades motoras e inteligencia emocional de sus beb\u00e9s.<br \/>\nSe puede usar plano en el piso o independiente para el tiempo de barriga.<br \/>\n\u00a1El juguete es liviano y f\u00e1cil de doblar e incluso incluye anillos de pl\u00e1stico para que se pueda unir a los carritos, asientos de autom\u00f3vil y cunas!<br \/>\nmedidas &#8211; tama\u00f1o de la alfombrilla: 44 x 33 cm, 17.3 \u00abx 13\u00bb<br \/>\nadecuado desde el nacimiento<\/p>\n<p>Las dulces ilustraciones presentan a los beb\u00e9s expresiones faciales, anim\u00e1ndolos a identificar una variedad de emociones y, por lo tanto, fortaleciendo su inteligencia emocional.<br \/>\nEl innovador juguete tambi\u00e9n presenta im\u00e1genes de alto contraste que deleitar\u00e1n los ojos en desarrollo de los beb\u00e9s m\u00e1s peque\u00f1os, mientras que el lado de colores brillantes es ideal para las etapas de desarrollo posteriores.<br \/>\nEste juguete se puede jugar con el piso plano o de pie, asegurando que es una ayuda fant\u00e1stica para alentar a los beb\u00e9s a practicar sus habilidades de tiempo boca abajo, a su vez fortaleciendo los m\u00fasculos de la cabeza, el cuello y los hombros.<br \/>\nUse la posici\u00f3n plana para alentar al beb\u00e9 a experimentar la sensaci\u00f3n de tela arrugada usando sus manos o pies mientras desarrolla sus habilidades motoras gruesas.<br \/>\nLas ilustraciones coloridas y adorables estimulan la interacci\u00f3n entre padres y beb\u00e9s y la inteligencia emocional del beb\u00e9.<br \/>\nA medida que el beb\u00e9 crezca y se desarrolle, le encantar\u00e1 explorar las actividades l\u00fadicas y las texturas arrugadas del Juguete arrugado My Feelings, que ayudar\u00e1 a su desarrollo sensorial y habilidades motoras.<\/p>\n","protected":false},"excerpt":{"rendered":"<p>Manta did\u00e1ctica My feelings (T12545) Una almohadilla blanda arrugada de doble cara que se puede colocar en dos variaciones para dos etapas de desarrollo. Este libro presenta al beb\u00e9 cinco expresiones esenciales: feliz, triste, somnoliento, hambriento y sorprendido. Identificar el rango de emociones ayuda a promover la inteligencia emocional y [&hellip;]<\/p>\n","protected":false},"featured_media":19025,"comment_status":"open","ping_status":"closed","template":"","meta":[],"product_cat":[21,124,52],"product_tag":[],"class_list":{"0":"post-4151","1":"product","2":"type-product","3":"status-publish","4":"has-post-thumbnail","6":"product_cat-beb-s","7":"product_cat-centros-de-actividades","8":"product_cat-juegos-y-juguetes-para-beb-s","10":"first","11":"instock","12":"shipping-taxable","13":"purchasable","14":"product-type-simple"},"_links":{"self":[{"href":"https:\/\/www.digamo.uy\/index.php\/wp-json\/wp\/v2\/product\/4151","targetHints":{"allow":["GET"]}}],"collection":[{"href":"https:\/\/www.digamo.uy\/index.php\/wp-json\/wp\/v2\/product"}],"about":[{"href":"https:\/\/www.digamo.uy\/index.php\/wp-json\/wp\/v2\/types\/product"}],"replies":[{"embeddable":true,"href":"https:\/\/www.digamo.uy\/index.php\/wp-json\/wp\/v2\/comments?post=4151"}],"wp:featuredmedia":[{"embeddable":true,"href":"https:\/\/www.digamo.uy\/index.php\/wp-json\/wp\/v2\/media\/19025"}],"wp:attachment":[{"href":"https:\/\/www.digamo.uy\/index.php\/wp-json\/wp\/v2\/media?parent=4151"}],"wp:term":[{"taxonomy":"product_cat","embeddable":true,"href":"https:\/\/www.digamo.uy\/index.php\/wp-json\/wp\/v2\/product_cat?post=4151"},{"taxonomy":"product_tag","embeddable":true,"href":"https:\/\/www.digamo.uy\/index.php\/wp-json\/wp\/v2\/product_tag?post=4151"}],"curies":[{"name":"wp","href":"https:\/\/api.w.org\/{rel}","templated":true}]}}