{"id":42,"date":"2023-07-03T22:13:29","date_gmt":"2023-07-04T01:13:29","guid":{"rendered":"https:\/\/www.digamo.uy\/index.php\/producto\/producto\/"},"modified":"2024-08-15T19:34:18","modified_gmt":"2024-08-15T22:34:18","slug":"butaca-infantil-para-auto-infanti-elite-mineral-grey","status":"publish","type":"product","link":"https:\/\/www.digamo.uy\/index.php\/producto\/butaca-infantil-para-auto-infanti-elite-mineral-grey\/","title":{"rendered":"Silla Bebe Butaca Infanti Elite Isofix Top Petit Baby Color Mineral Grey"},"content":{"rendered":"<p>Seguridad y confort<br \/>\nTransport\u00e1 a los m\u00e1s peque\u00f1os de forma pr\u00e1ctica y segura con una butaca dise\u00f1ada para su comodidad.<\/p>\n<p>Mejor sujeci\u00f3n<br \/>\nSu sistema de seguridad est\u00e1 compuesto por un arn\u00e9s de 5 puntos, que permitir\u00e1 que el ni\u00f1o permanezca sujeto con mayor firmeza.<\/p>\n<p>Comodidad al viajar<br \/>\nGracias a sus 4 opciones de reclinado, vas a poder cambiar la posici\u00f3n de tu peque\u00f1o de acuerdo a sus necesidades. Adem\u00e1s, sus correas ajustables te permitir\u00e1n adaptar la silla al crecimiento de tu hijo.<\/p>\n","protected":false},"excerpt":{"rendered":"<p>Seguridad y confort Transport\u00e1 a los m\u00e1s peque\u00f1os de forma pr\u00e1ctica y segura con una butaca dise\u00f1ada para su comodidad. Mejor sujeci\u00f3n Su sistema de seguridad est\u00e1 compuesto por un arn\u00e9s de 5 puntos, que permitir\u00e1 que el ni\u00f1o permanezca sujeto con mayor firmeza. Comodidad al viajar Gracias a sus [&hellip;]<\/p>\n","protected":false},"featured_media":24495,"comment_status":"open","ping_status":"closed","template":"","meta":[],"product_cat":[21,28,27],"product_tag":[],"class_list":{"0":"post-42","1":"product","2":"type-product","3":"status-publish","4":"has-post-thumbnail","6":"product_cat-beb-s","7":"product_cat-paseo-del-beb","8":"product_cat-sillas-para-autos","10":"first","11":"instock","12":"shipping-taxable","13":"purchasable","14":"product-type-simple"},"_links":{"self":[{"href":"https:\/\/www.digamo.uy\/index.php\/wp-json\/wp\/v2\/product\/42","targetHints":{"allow":["GET"]}}],"collection":[{"href":"https:\/\/www.digamo.uy\/index.php\/wp-json\/wp\/v2\/product"}],"about":[{"href":"https:\/\/www.digamo.uy\/index.php\/wp-json\/wp\/v2\/types\/product"}],"replies":[{"embeddable":true,"href":"https:\/\/www.digamo.uy\/index.php\/wp-json\/wp\/v2\/comments?post=42"}],"wp:featuredmedia":[{"embeddable":true,"href":"https:\/\/www.digamo.uy\/index.php\/wp-json\/wp\/v2\/media\/24495"}],"wp:attachment":[{"href":"https:\/\/www.digamo.uy\/index.php\/wp-json\/wp\/v2\/media?parent=42"}],"wp:term":[{"taxonomy":"product_cat","embeddable":true,"href":"https:\/\/www.digamo.uy\/index.php\/wp-json\/wp\/v2\/product_cat?post=42"},{"taxonomy":"product_tag","embeddable":true,"href":"https:\/\/www.digamo.uy\/index.php\/wp-json\/wp\/v2\/product_tag?post=42"}],"curies":[{"name":"wp","href":"https:\/\/api.w.org\/{rel}","templated":true}]}}