{"id":427,"date":"2023-07-03T22:24:09","date_gmt":"2023-07-04T01:24:09","guid":{"rendered":"https:\/\/www.digamo.uy\/index.php\/producto\/producto\/"},"modified":"2024-08-15T19:51:44","modified_gmt":"2024-08-15T22:51:44","slug":"caminador-carrito-arrastre-andador-carpintero-estimulacion","status":"publish","type":"product","link":"https:\/\/www.digamo.uy\/index.php\/producto\/caminador-carrito-arrastre-andador-carpintero-estimulacion\/","title":{"rendered":"Caminador Carrito Arrastre Andador Carpintero Estimulaci\u00f3n"},"content":{"rendered":"<p>Caminador carpintero (44031)<\/p>\n<p>El caminador est\u00e1 completamente hecho de madera. Puede martillar clavos con un martillo, apretar tornillos con una llave inglesa, atornillar tablones de madera y engranajes.<br \/>\nEs conveniente plegar las piezas en la parte trasera de la m\u00e1quina. El set de juego ser\u00e1 especialmente interesante para ni\u00f1os de 18 meses a 4 a\u00f1os.<br \/>\nUna m\u00e1quina de escribir de madera le permitir\u00e1 recordar los nombres de las herramientas y aprender a usarlas, desarrollar habilidades motoras finas, pensamiento, coordinaci\u00f3n ojo-mano. El cami\u00f3n de herramientas es adecuado para padres Reggio. El conjunto de juegos se recomienda para juegos \u00fatiles en jardines de infancia y centros.<br \/>\nMirando a los adultos, los ni\u00f1os tambi\u00e9n quieren mostrar sus habilidades y ayudar con las tareas del hogar. Una m\u00e1quina con herramientas para juegos de cuentos permite al ni\u00f1o probar el papel de cerrajero, carpintero o reparador. Tendr\u00e1 objetos coloridos para aprender formas, entrenar los m\u00fasculos de los brazos y la imaginaci\u00f3n. El ni\u00f1o aprende sobre las profesiones laborales, examina el inventario. El juego de roles tambi\u00e9n entrena la inteligencia emocional.<br \/>\nTodas las partes del conjunto infantil est\u00e1n hechas de madera maciza, lo que las hace fuertes y duraderas. Los instrumentos de madera est\u00e1n lijados hasta obtener un acabado suave para tocar c\u00f3modamente.<\/p>\n<p>El set educativo de juguetes de madera de Viga Toys es de alta calidad y cumple con las normas de seguridad: Europea EN71, Americana ASTM.<br \/>\nDimensiones: 32 x 47 x 49, peso 2 kg.<br \/>\nIncluye un banco de trabajo de madera con herramientas y piezas.<\/p>\n","protected":false},"excerpt":{"rendered":"<p>Caminador carpintero (44031) El caminador est\u00e1 completamente hecho de madera. Puede martillar clavos con un martillo, apretar tornillos con una llave inglesa, atornillar tablones de madera y engranajes. Es conveniente plegar las piezas en la parte trasera de la m\u00e1quina. El set de juego ser\u00e1 especialmente interesante para ni\u00f1os de [&hellip;]<\/p>\n","protected":false},"featured_media":25098,"comment_status":"open","ping_status":"closed","template":"","meta":[],"product_cat":[60,61,21],"product_tag":[],"class_list":{"0":"post-427","1":"product","2":"type-product","3":"status-publish","4":"has-post-thumbnail","6":"product_cat-andadores-y-caminadores","7":"product_cat-andadores-y-veh-culos-de-beb-s","8":"product_cat-beb-s","10":"first","11":"instock","12":"shipping-taxable","13":"purchasable","14":"product-type-variable"},"_links":{"self":[{"href":"https:\/\/www.digamo.uy\/index.php\/wp-json\/wp\/v2\/product\/427","targetHints":{"allow":["GET"]}}],"collection":[{"href":"https:\/\/www.digamo.uy\/index.php\/wp-json\/wp\/v2\/product"}],"about":[{"href":"https:\/\/www.digamo.uy\/index.php\/wp-json\/wp\/v2\/types\/product"}],"replies":[{"embeddable":true,"href":"https:\/\/www.digamo.uy\/index.php\/wp-json\/wp\/v2\/comments?post=427"}],"wp:featuredmedia":[{"embeddable":true,"href":"https:\/\/www.digamo.uy\/index.php\/wp-json\/wp\/v2\/media\/25098"}],"wp:attachment":[{"href":"https:\/\/www.digamo.uy\/index.php\/wp-json\/wp\/v2\/media?parent=427"}],"wp:term":[{"taxonomy":"product_cat","embeddable":true,"href":"https:\/\/www.digamo.uy\/index.php\/wp-json\/wp\/v2\/product_cat?post=427"},{"taxonomy":"product_tag","embeddable":true,"href":"https:\/\/www.digamo.uy\/index.php\/wp-json\/wp\/v2\/product_tag?post=427"}],"curies":[{"name":"wp","href":"https:\/\/api.w.org\/{rel}","templated":true}]}}