{"id":439,"date":"2023-07-03T22:24:26","date_gmt":"2023-07-04T01:24:26","guid":{"rendered":"https:\/\/www.digamo.uy\/index.php\/producto\/producto\/"},"modified":"2024-08-15T19:51:55","modified_gmt":"2024-08-15T22:51:55","slug":"mesa-de-herramientas-de-madera-polar-b-tuercas-y-tornillos","status":"publish","type":"product","link":"https:\/\/www.digamo.uy\/index.php\/producto\/mesa-de-herramientas-de-madera-polar-b-tuercas-y-tornillos\/","title":{"rendered":"Mesa De Herramientas De Madera Polar B Tuercas Y Tornillos"},"content":{"rendered":"<p>Mesa de trabajo con herramientas (44065)<\/p>\n<p>Un taller de bricolaje har\u00e1 que tu hijo se sienta como un aut\u00e9ntico mec\u00e1nico. El ni\u00f1o puede martillar clavos, apretar los tornillos con una llave y atornillar tablas y bastidores de madera en el banco de trabajo. El juguete tiene un reloj con punteros, dibujos en forma de animales, bolsillos colgantes y varias herramientas.<\/p>\n<p>Caracter\u00edsticas:<br \/>\n&#8211; el conjunto consta de un taller, herramientas, tornillos, dibujos planos de<br \/>\n  animales<br \/>\n&#8211; el ni\u00f1o puede torcer varios tornillos, crear animales, \u00abcortar\u00bb elementos<br \/>\n&#8211; un bolsillo para guardar herramientas est\u00e1 colgado en el costado del taller<br \/>\n&#8211; las herramientas y varios art\u00edculos se pueden almacenar en el estante debajo de<br \/>\n  la mesa<\/p>\n<p>El juguete se desarrolla:<br \/>\n&#8211;  imaginaci\u00f3n<br \/>\n&#8211; destreza<br \/>\n&#8211; creatividad<br \/>\n&#8211; habilidades motoras<br \/>\n&#8211; coordinaci\u00f3n mano-ojo<\/p>\n<p>Juguete de madera con certificado de seguridad de materiales EN-71<\/p>\n<p>Edad adecuada:  a partir de los 3 a\u00f1os<\/p>\n<p>Dimensiones: 47 cm x 27 cm x 67 cm<\/p>\n<p>Este precioso taller de madera para ni\u00f1os con herramientas har\u00e1 que tu peque\u00f1o se sienta como un aut\u00e9ntico mec\u00e1nico. El peque\u00f1o \u00abmaestro\u00bb puede arreglar todo en casa imitando a su padre o abuelo. Las herramientas de madera siempre pueden estar a mano durante horas de trabajo duro. Con ellos, los ni\u00f1os pueden desarrollar su destreza, pensamiento l\u00f3gico, concentraci\u00f3n y motricidad fina desarrollando y relajando. El ni\u00f1o tambi\u00e9n sabr\u00e1 distinguir entre diferentes formas y tama\u00f1os. Desarrollar\u00e1 la coordinaci\u00f3n mano-ojo, que es una etapa muy importante en el desarrollo de un ni\u00f1o.<br \/>\nLos ni\u00f1os aprender\u00e1n a pensar y actuar r\u00e1pidamente de una manera creativa. Esto ayuda al ni\u00f1o a aumentar la confianza mientras juega libremente. Lleve a su hijo a este hermoso taller de madera con herramientas para ni\u00f1os y vea si se convierte en un maestro de la carpinter\u00eda.<\/p>\n<p>El conjunto consta de un taller con varias herramientas, tornillos, pernos, dibujos planos de animales. El ni\u00f1o puede girar diferentes tornillos, crear animales, \u00abcortar\u00bb elementos. A un lado del taller hay un bolsillo colgante para guardar herramientas como un martillo, un destornillador y una sierra. Las herramientas y varios art\u00edculos tambi\u00e9n se pueden almacenar en el estante debajo de la mesa. Bellamente dise\u00f1ado y coloreado en colores pastel, este taller para ni\u00f1os les brindar\u00e1 horas de diversi\u00f3n para jugar. El ni\u00f1o puede clavar clavos, apretar los tornillos con una llave inglesa y atornillar tablas y bastidores de madera a la mesa de trabajo. El juguete tiene un reloj con manecillas, dibujos en forma de animales, bolsillos colgantes y un tablero para escribir.<\/p>\n","protected":false},"excerpt":{"rendered":"<p>Mesa de trabajo con herramientas (44065) Un taller de bricolaje har\u00e1 que tu hijo se sienta como un aut\u00e9ntico mec\u00e1nico. El ni\u00f1o puede martillar clavos, apretar los tornillos con una llave y atornillar tablas y bastidores de madera en el banco de trabajo. El juguete tiene un reloj con punteros, [&hellip;]<\/p>\n","protected":false},"featured_media":25107,"comment_status":"open","ping_status":"closed","template":"","meta":[],"product_cat":[24,73,94,95],"product_tag":[],"class_list":{"0":"post-439","1":"product","2":"type-product","3":"status-publish","4":"has-post-thumbnail","6":"product_cat-juegos-y-juguetes","7":"product_cat-juguetes-de-oficios","8":"product_cat-sets-de-herramientas","9":"product_cat-taller-de-herramientas","11":"first","12":"instock","13":"shipping-taxable","14":"purchasable","15":"product-type-simple"},"_links":{"self":[{"href":"https:\/\/www.digamo.uy\/index.php\/wp-json\/wp\/v2\/product\/439","targetHints":{"allow":["GET"]}}],"collection":[{"href":"https:\/\/www.digamo.uy\/index.php\/wp-json\/wp\/v2\/product"}],"about":[{"href":"https:\/\/www.digamo.uy\/index.php\/wp-json\/wp\/v2\/types\/product"}],"replies":[{"embeddable":true,"href":"https:\/\/www.digamo.uy\/index.php\/wp-json\/wp\/v2\/comments?post=439"}],"wp:featuredmedia":[{"embeddable":true,"href":"https:\/\/www.digamo.uy\/index.php\/wp-json\/wp\/v2\/media\/25107"}],"wp:attachment":[{"href":"https:\/\/www.digamo.uy\/index.php\/wp-json\/wp\/v2\/media?parent=439"}],"wp:term":[{"taxonomy":"product_cat","embeddable":true,"href":"https:\/\/www.digamo.uy\/index.php\/wp-json\/wp\/v2\/product_cat?post=439"},{"taxonomy":"product_tag","embeddable":true,"href":"https:\/\/www.digamo.uy\/index.php\/wp-json\/wp\/v2\/product_tag?post=439"}],"curies":[{"name":"wp","href":"https:\/\/api.w.org\/{rel}","templated":true}]}}