{"id":4408,"date":"2023-07-05T04:32:05","date_gmt":"2023-07-05T07:32:05","guid":{"rendered":"https:\/\/www.digamo.uy\/index.php\/producto\/producto\/"},"modified":"2024-08-13T22:41:22","modified_gmt":"2024-08-14T01:41:22","slug":"silla-de-comer-portatil-the-first-years","status":"publish","type":"product","link":"https:\/\/www.digamo.uy\/index.php\/producto\/silla-de-comer-portatil-the-first-years\/","title":{"rendered":"Silla De Comer Portatil &#8211; The First Years"},"content":{"rendered":"<p>Silla de comer portatil -THE FIRST YEARS<\/p>\n<p>La nueva silla Booster On The Go de The First Years es Ideal para la comodidad y seguridad de tu beb\u00e9. <\/p>\n<p>Es liviana, compacta, portable y se adapta a cualquier silla.<\/p>\n<p>F\u00e1cil de transportar, de limpiar y armar con su sistema de v\u00e1lvula de auto inflado. <\/p>\n<p>Ideal para tu hogar, viajes o cualquier ocasi\u00f3n.<\/p>\n<p>Pesa solo 900 gr. y cuenta con un arn\u00e9s de 3 puntos y 2 correas de sujeci\u00f3n para la total seguridad de tu beb\u00e9.<\/p>\n","protected":false},"excerpt":{"rendered":"<p>Silla de comer portatil -THE FIRST YEARS La nueva silla Booster On The Go de The First Years es Ideal para la comodidad y seguridad de tu beb\u00e9. Es liviana, compacta, portable y se adapta a cualquier silla. F\u00e1cil de transportar, de limpiar y armar con su sistema de v\u00e1lvula [&hellip;]<\/p>\n","protected":false},"featured_media":16213,"comment_status":"open","ping_status":"closed","template":"","meta":[],"product_cat":[21,99,206],"product_tag":[],"class_list":{"0":"post-4408","1":"product","2":"type-product","3":"status-publish","4":"has-post-thumbnail","6":"product_cat-beb-s","7":"product_cat-lactancia-y-alimentaci-n","8":"product_cat-sillas-de-comer","10":"first","11":"outofstock","12":"shipping-taxable","13":"purchasable","14":"product-type-simple"},"_links":{"self":[{"href":"https:\/\/www.digamo.uy\/index.php\/wp-json\/wp\/v2\/product\/4408","targetHints":{"allow":["GET"]}}],"collection":[{"href":"https:\/\/www.digamo.uy\/index.php\/wp-json\/wp\/v2\/product"}],"about":[{"href":"https:\/\/www.digamo.uy\/index.php\/wp-json\/wp\/v2\/types\/product"}],"replies":[{"embeddable":true,"href":"https:\/\/www.digamo.uy\/index.php\/wp-json\/wp\/v2\/comments?post=4408"}],"wp:featuredmedia":[{"embeddable":true,"href":"https:\/\/www.digamo.uy\/index.php\/wp-json\/wp\/v2\/media\/16213"}],"wp:attachment":[{"href":"https:\/\/www.digamo.uy\/index.php\/wp-json\/wp\/v2\/media?parent=4408"}],"wp:term":[{"taxonomy":"product_cat","embeddable":true,"href":"https:\/\/www.digamo.uy\/index.php\/wp-json\/wp\/v2\/product_cat?post=4408"},{"taxonomy":"product_tag","embeddable":true,"href":"https:\/\/www.digamo.uy\/index.php\/wp-json\/wp\/v2\/product_tag?post=4408"}],"curies":[{"name":"wp","href":"https:\/\/api.w.org\/{rel}","templated":true}]}}