{"id":455,"date":"2023-07-03T22:24:56","date_gmt":"2023-07-04T01:24:56","guid":{"rendered":"https:\/\/www.digamo.uy\/index.php\/producto\/producto\/"},"modified":"2024-08-15T19:52:44","modified_gmt":"2024-08-15T22:52:44","slug":"bloques-para-armar-lego-star-wars-imperial-tie-fighter-432-piezas-en-caja","status":"publish","type":"product","link":"https:\/\/www.digamo.uy\/index.php\/producto\/bloques-para-armar-lego-star-wars-imperial-tie-fighter-432-piezas-en-caja\/","title":{"rendered":"Lego Star Wars Imperial Nave Tie Fighter Sith Darth Vader 20 Cantidad De Piezas 432"},"content":{"rendered":"<p>Con 90 a\u00f1os de trayectoria, Lego es uno de los principales fabricantes mundiales de materiales de juego. Para la marca, el juego es vital en el desarrollo de todos los ni\u00f1os y ni\u00f1as, ya que les ayuda a prosperar en un mundo complejo y desafiante. Su principal meta es lograr inspirar y desarrollar a los constructores del ma\u00f1ana, adem\u00e1s de generar un impacto positivo en la sociedad y el planeta. Los juegos de Lego brindan la posibilidad de un descubrimiento permanente al ofrecer la m\u00e1gica oportunidad de crear algo nuevo cada vez.<\/p>\n<p>Viaj\u00e1 hasta una galaxia muy, muy lejana con el set de Lego Star Wars. Podr\u00e1s crear tus propias obras inspiradas en esta historia y transportarte con cada uno de sus personajes al maravilloso mundo de los Stormtroopers, emperadores, Jedi, Wookiees y extraterrestres.<\/p>\n<p>F\u00e1cil traslado y guardado<br \/>\nSu presentaci\u00f3n en caja, permite que lleves tu set a todos lados de manera c\u00f3moda y pr\u00e1ctica. Es \u00fatil no solo para transportarlo, sino adem\u00e1s para guardarlo de forma sencilla en cualquier lugar de tu casa.<\/p>\n<p>Uso bajo supervisi\u00f3n<br \/>\nSe recomienda su uso a partir de los 8 a\u00f1os. Por favor supervisar a ni\u00f1os y ni\u00f1as peque\u00f1as para evitar accidentes.<\/p>\n","protected":false},"excerpt":{"rendered":"<p>Con 90 a\u00f1os de trayectoria, Lego es uno de los principales fabricantes mundiales de materiales de juego. Para la marca, el juego es vital en el desarrollo de todos los ni\u00f1os y ni\u00f1as, ya que les ayuda a prosperar en un mundo complejo y desafiante. Su principal meta es lograr [&hellip;]<\/p>\n","protected":false},"featured_media":25134,"comment_status":"open","ping_status":"closed","template":"","meta":[],"product_cat":[45,24,46],"product_tag":[],"class_list":{"0":"post-455","1":"product","2":"type-product","3":"status-publish","4":"has-post-thumbnail","6":"product_cat-bloques-y-figuras-para-armar","7":"product_cat-juegos-y-juguetes","8":"product_cat-juguetes-de-construcci-n","10":"first","11":"instock","12":"shipping-taxable","13":"purchasable","14":"product-type-simple"},"_links":{"self":[{"href":"https:\/\/www.digamo.uy\/index.php\/wp-json\/wp\/v2\/product\/455","targetHints":{"allow":["GET"]}}],"collection":[{"href":"https:\/\/www.digamo.uy\/index.php\/wp-json\/wp\/v2\/product"}],"about":[{"href":"https:\/\/www.digamo.uy\/index.php\/wp-json\/wp\/v2\/types\/product"}],"replies":[{"embeddable":true,"href":"https:\/\/www.digamo.uy\/index.php\/wp-json\/wp\/v2\/comments?post=455"}],"wp:featuredmedia":[{"embeddable":true,"href":"https:\/\/www.digamo.uy\/index.php\/wp-json\/wp\/v2\/media\/25134"}],"wp:attachment":[{"href":"https:\/\/www.digamo.uy\/index.php\/wp-json\/wp\/v2\/media?parent=455"}],"wp:term":[{"taxonomy":"product_cat","embeddable":true,"href":"https:\/\/www.digamo.uy\/index.php\/wp-json\/wp\/v2\/product_cat?post=455"},{"taxonomy":"product_tag","embeddable":true,"href":"https:\/\/www.digamo.uy\/index.php\/wp-json\/wp\/v2\/product_tag?post=455"}],"curies":[{"name":"wp","href":"https:\/\/api.w.org\/{rel}","templated":true}]}}