{"id":4854,"date":"2023-07-05T04:42:41","date_gmt":"2023-07-05T07:42:41","guid":{"rendered":"https:\/\/www.digamo.uy\/index.php\/producto\/producto\/"},"modified":"2024-08-14T20:20:45","modified_gmt":"2024-08-14T23:20:45","slug":"munecas-de-entrenamiento-dc-super-hero-girls","status":"publish","type":"product","link":"https:\/\/www.digamo.uy\/index.php\/producto\/munecas-de-entrenamiento-dc-super-hero-girls\/","title":{"rendered":"Mu\u00f1ecas De Entrenamiento &#8211; Dc Super Hero Girls"},"content":{"rendered":"<p>Mu\u00f1ecas de Entrenamiento &#8211; DC Super Hero Girls (DMM23)<\/p>\n<p>Elija entre Supergirl, Wonder Woman o Batgirl<br \/>\nCada uno se vende por separado<\/p>\n<p>\u00a1Las mu\u00f1ecas de acci\u00f3n DC Super Hero Girls \u2122 est\u00e1n entrenando para estar listas para la acci\u00f3n! Desata tu poder y entrena a tu h\u00e9roe interior junto con estas mu\u00f1ecas de acci\u00f3n inspiradas por los poderosos estudiantes de Super Hero High. Cada personaje de Super Hero de 12 pulgadas lleva su traje de entrenamiento listo para la acci\u00f3n con logotipos ic\u00f3nicos y colores exclusivos. Elija entre Supergirl \u2122, Wonder Woman \u2122 o Batgirl \u2122. Cada uno est\u00e1 listo para la clase de superh\u00e9roes vistiendo su atuendo (no removible), junto con una capa y un accesorio \u00fanico para el cabello. A los aficionados les encantar\u00e1n los esquemas de color de la firma, los detalles reconocibles y los elementos ic\u00f3nicos. Encuentra tus propias habilidades \u00fanicas y descubre tu verdadero potencial junto con estos s\u00faper h\u00e9roes adolescentes. Elige a tu superh\u00e9roe favorito o col\u00f3calos para animar la acci\u00f3n y la diversi\u00f3n de contar historias. Incluye la mu\u00f1eca de acci\u00f3n DC Super Hero Girls \u2122 con capa y accesorio para el cabello.<\/p>\n","protected":false},"excerpt":{"rendered":"<p>Mu\u00f1ecas de Entrenamiento &#8211; DC Super Hero Girls (DMM23) Elija entre Supergirl, Wonder Woman o Batgirl Cada uno se vende por separado \u00a1Las mu\u00f1ecas de acci\u00f3n DC Super Hero Girls \u2122 est\u00e1n entrenando para estar listas para la acci\u00f3n! Desata tu poder y entrena a tu h\u00e9roe interior junto con [&hellip;]<\/p>\n","protected":false},"featured_media":18135,"comment_status":"open","ping_status":"closed","template":"","meta":[],"product_cat":[61,21,53],"product_tag":[],"class_list":{"0":"post-4854","1":"product","2":"type-product","3":"status-publish","4":"has-post-thumbnail","6":"product_cat-andadores-y-veh-culos-de-beb-s","7":"product_cat-beb-s","8":"product_cat-otros","10":"first","11":"instock","12":"shipping-taxable","13":"purchasable","14":"product-type-simple"},"_links":{"self":[{"href":"https:\/\/www.digamo.uy\/index.php\/wp-json\/wp\/v2\/product\/4854","targetHints":{"allow":["GET"]}}],"collection":[{"href":"https:\/\/www.digamo.uy\/index.php\/wp-json\/wp\/v2\/product"}],"about":[{"href":"https:\/\/www.digamo.uy\/index.php\/wp-json\/wp\/v2\/types\/product"}],"replies":[{"embeddable":true,"href":"https:\/\/www.digamo.uy\/index.php\/wp-json\/wp\/v2\/comments?post=4854"}],"wp:featuredmedia":[{"embeddable":true,"href":"https:\/\/www.digamo.uy\/index.php\/wp-json\/wp\/v2\/media\/18135"}],"wp:attachment":[{"href":"https:\/\/www.digamo.uy\/index.php\/wp-json\/wp\/v2\/media?parent=4854"}],"wp:term":[{"taxonomy":"product_cat","embeddable":true,"href":"https:\/\/www.digamo.uy\/index.php\/wp-json\/wp\/v2\/product_cat?post=4854"},{"taxonomy":"product_tag","embeddable":true,"href":"https:\/\/www.digamo.uy\/index.php\/wp-json\/wp\/v2\/product_tag?post=4854"}],"curies":[{"name":"wp","href":"https:\/\/api.w.org\/{rel}","templated":true}]}}