{"id":4903,"date":"2023-07-05T04:44:04","date_gmt":"2023-07-05T07:44:04","guid":{"rendered":"https:\/\/www.digamo.uy\/index.php\/producto\/producto\/"},"modified":"2024-08-14T20:22:33","modified_gmt":"2024-08-14T23:22:33","slug":"organizador-para-auto-de-asiento-trasero-bebe-y-ninos","status":"publish","type":"product","link":"https:\/\/www.digamo.uy\/index.php\/producto\/organizador-para-auto-de-asiento-trasero-bebe-y-ninos\/","title":{"rendered":"Organizador Para Auto De Asiento Trasero Beb\u00e9 Y Ni\u00f1os"},"content":{"rendered":"<p>Organizador de asiento trasero para auto beb\u00e9s y ni\u00f1os (LO5013)<\/p>\n","protected":false},"excerpt":{"rendered":"<p>Organizador de asiento trasero para auto beb\u00e9s y ni\u00f1os (LO5013)<\/p>\n","protected":false},"featured_media":18179,"comment_status":"open","ping_status":"closed","template":"","meta":[],"product_cat":[21,54,28],"product_tag":[],"class_list":{"0":"post-4903","1":"product","2":"type-product","3":"status-publish","4":"has-post-thumbnail","6":"product_cat-beb-s","7":"product_cat-organizadores-para-autos","8":"product_cat-paseo-del-beb","10":"first","11":"instock","12":"shipping-taxable","13":"purchasable","14":"product-type-simple"},"_links":{"self":[{"href":"https:\/\/www.digamo.uy\/index.php\/wp-json\/wp\/v2\/product\/4903","targetHints":{"allow":["GET"]}}],"collection":[{"href":"https:\/\/www.digamo.uy\/index.php\/wp-json\/wp\/v2\/product"}],"about":[{"href":"https:\/\/www.digamo.uy\/index.php\/wp-json\/wp\/v2\/types\/product"}],"replies":[{"embeddable":true,"href":"https:\/\/www.digamo.uy\/index.php\/wp-json\/wp\/v2\/comments?post=4903"}],"wp:featuredmedia":[{"embeddable":true,"href":"https:\/\/www.digamo.uy\/index.php\/wp-json\/wp\/v2\/media\/18179"}],"wp:attachment":[{"href":"https:\/\/www.digamo.uy\/index.php\/wp-json\/wp\/v2\/media?parent=4903"}],"wp:term":[{"taxonomy":"product_cat","embeddable":true,"href":"https:\/\/www.digamo.uy\/index.php\/wp-json\/wp\/v2\/product_cat?post=4903"},{"taxonomy":"product_tag","embeddable":true,"href":"https:\/\/www.digamo.uy\/index.php\/wp-json\/wp\/v2\/product_tag?post=4903"}],"curies":[{"name":"wp","href":"https:\/\/api.w.org\/{rel}","templated":true}]}}