{"id":5002,"date":"2023-07-05T04:47:03","date_gmt":"2023-07-05T07:47:03","guid":{"rendered":"https:\/\/www.digamo.uy\/index.php\/producto\/producto\/"},"modified":"2024-08-14T20:26:45","modified_gmt":"2024-08-14T23:26:45","slug":"silla-de-comer-de-bebe-mimzy-360-infanti-joie-tilly","status":"publish","type":"product","link":"https:\/\/www.digamo.uy\/index.php\/producto\/silla-de-comer-de-bebe-mimzy-360-infanti-joie-tilly\/","title":{"rendered":"Silla De Comer De Bebe &#8211; Mimzy 360 &#8211; Infanti Joie Tilly"},"content":{"rendered":"<p>Silla de comer &#8211; Mimzy 360- Infanti Joie Tilly &#038; Wink Crosshatch  (H1124AATWC)<\/p>\n<p>Especificaciones:<br \/>\nSilla para comer que gira en un c\u00edrculo completo el asiento para que el beb\u00e9 pueda dar vuelta hacia la mam\u00e1 o pap\u00e1 est\u00e9n donde est\u00e9n.<br \/>\nSe reclina completamente de forma plana acomod\u00e1ndose mucho antes que las sillas de comer ya existentes<br \/>\nConveniente, compacta y multifuncional, cuenta con todo lo necesario para la hora de la comida y aun as\u00ed cuenta con un plegado compacto<br \/>\nDise\u00f1o atractivo donde el asiento y el marco se doblan quedando compactos y la bandeja se almacena en la parte posterior de las pierna<br \/>\nCumple con la Certificaci\u00f3n europea EN1888-2012<br \/>\nAsiento giratorio de 360\u00b0 se activa con una mano y se puede fijar en 4 direcciones, 5 posiciones de reclinado y 7 posiciones de altura.<br \/>\nBandeja de gran tama\u00f1o se libera con una mano y ajustable en 3 posiciones<br \/>\nApoya pies regulable en 3 alturas y 2 posiciones para apoyar las pantorrillas<br \/>\n4 ruedas escondidas para una f\u00e1cil manipulaci\u00f3n de una sala a otra<br \/>\nBandeja antideslizante y mini bandeja de aperitivos se pueden lavar en el lavavajillas<br \/>\nSoporte de la bandeja mantiene al beb\u00e9 seguro y cuenta con un arn\u00e9s de 3 o 5 puntos.<br \/>\nCoj\u00edn reductor desmontable y lavable, suave y acolchado mantiene al beb\u00e9 c\u00f3modo<br \/>\nTela lavable e incluso se puede limpiar con un pa\u00f1o para una f\u00e1cil limpieza<br \/>\nApto desde reci\u00e9n nacido hasta los 36 meses o 16 kilos<br \/>\nMedidas: Abierto Alto: 100 cm Largo: 79 cm Ancho: 79 cm Plegado: Alto: 114 cm Largo: 28 cm Ancho: 79 cm Peso: 11,15 kg<\/p>\n","protected":false},"excerpt":{"rendered":"<p>Silla de comer &#8211; Mimzy 360- Infanti Joie Tilly &#038; Wink Crosshatch (H1124AATWC) Especificaciones: Silla para comer que gira en un c\u00edrculo completo el asiento para que el beb\u00e9 pueda dar vuelta hacia la mam\u00e1 o pap\u00e1 est\u00e9n donde est\u00e9n. Se reclina completamente de forma plana acomod\u00e1ndose mucho antes que [&hellip;]<\/p>\n","protected":false},"featured_media":18248,"comment_status":"open","ping_status":"closed","template":"","meta":[],"product_cat":[21,99,206],"product_tag":[],"class_list":{"0":"post-5002","1":"product","2":"type-product","3":"status-publish","4":"has-post-thumbnail","6":"product_cat-beb-s","7":"product_cat-lactancia-y-alimentaci-n","8":"product_cat-sillas-de-comer","10":"first","11":"instock","12":"shipping-taxable","13":"purchasable","14":"product-type-variable"},"_links":{"self":[{"href":"https:\/\/www.digamo.uy\/index.php\/wp-json\/wp\/v2\/product\/5002","targetHints":{"allow":["GET"]}}],"collection":[{"href":"https:\/\/www.digamo.uy\/index.php\/wp-json\/wp\/v2\/product"}],"about":[{"href":"https:\/\/www.digamo.uy\/index.php\/wp-json\/wp\/v2\/types\/product"}],"replies":[{"embeddable":true,"href":"https:\/\/www.digamo.uy\/index.php\/wp-json\/wp\/v2\/comments?post=5002"}],"wp:featuredmedia":[{"embeddable":true,"href":"https:\/\/www.digamo.uy\/index.php\/wp-json\/wp\/v2\/media\/18248"}],"wp:attachment":[{"href":"https:\/\/www.digamo.uy\/index.php\/wp-json\/wp\/v2\/media?parent=5002"}],"wp:term":[{"taxonomy":"product_cat","embeddable":true,"href":"https:\/\/www.digamo.uy\/index.php\/wp-json\/wp\/v2\/product_cat?post=5002"},{"taxonomy":"product_tag","embeddable":true,"href":"https:\/\/www.digamo.uy\/index.php\/wp-json\/wp\/v2\/product_tag?post=5002"}],"curies":[{"name":"wp","href":"https:\/\/api.w.org\/{rel}","templated":true}]}}