{"id":5019,"date":"2023-07-05T04:47:23","date_gmt":"2023-07-05T07:47:23","guid":{"rendered":"https:\/\/www.digamo.uy\/index.php\/producto\/producto\/"},"modified":"2024-08-14T20:27:02","modified_gmt":"2024-08-14T23:27:02","slug":"silla-de-comer-de-bebe-ajustable-plegable-caramel-infanti","status":"publish","type":"product","link":"https:\/\/www.digamo.uy\/index.php\/producto\/silla-de-comer-de-bebe-ajustable-plegable-caramel-infanti\/","title":{"rendered":"Silla De Comer De Beb\u00e9 Ajustable Plegable Caramel &#8211; Infanti"},"content":{"rendered":"<p>Silla de comer ajustable, plegable Infanti (RA2510BES &#8211; RA2510ORS)<\/p>\n<p>Especificaciones:<br \/>\n&#8211; Silla de comer c\u00f3modo y segura para si beb\u00e9<br \/>\n&#8211; Compuesta con materiales de alta calidad y resistencia, y f\u00e1cil de limpiar.<br \/>\n&#8211; Estructura met\u00e1lica con terminaciones de pl\u00e1stico s\u00faper resistente.<br \/>\n&#8211; Cuenta con tapizado de tela acolchonada, desmontable y lavable.<br \/>\n&#8211; C\u00f3modo asiento y respaldo acolchonado que se puede ajustar en siete alturas.<br \/>\n&#8211; Cuenta con 3 posiciones de reclinado.<br \/>\n&#8211; Para su mejor seguridad cuenta con Arn\u00e9s de 5 puntas con hombreras.<br \/>\n&#8211; Bandeja triple, ajustable en tres posiciones.<br \/>\n&#8211; F\u00e1cil plegado de pie para un pr\u00e1ctico almacenamiento .<br \/>\n&#8211; Apoya pies de tres alturas.<br \/>\n&#8211; Las cuatro patas cuentan con ruedas y frenos.<br \/>\n&#8211; Entrepiernas extra\u00edble.<br \/>\n&#8211; Recomendada para edad de: 6 meses a 36 meses y peso de: entre 9 a 18 kilos<\/p>\n","protected":false},"excerpt":{"rendered":"<p>Silla de comer ajustable, plegable Infanti (RA2510BES &#8211; RA2510ORS) Especificaciones: &#8211; Silla de comer c\u00f3modo y segura para si beb\u00e9 &#8211; Compuesta con materiales de alta calidad y resistencia, y f\u00e1cil de limpiar. &#8211; Estructura met\u00e1lica con terminaciones de pl\u00e1stico s\u00faper resistente. &#8211; Cuenta con tapizado de tela acolchonada, desmontable [&hellip;]<\/p>\n","protected":false},"featured_media":18257,"comment_status":"open","ping_status":"closed","template":"","meta":[],"product_cat":[21,99,206],"product_tag":[],"class_list":{"0":"post-5019","1":"product","2":"type-product","3":"status-publish","4":"has-post-thumbnail","6":"product_cat-beb-s","7":"product_cat-lactancia-y-alimentaci-n","8":"product_cat-sillas-de-comer","10":"first","11":"outofstock","12":"shipping-taxable","13":"purchasable","14":"product-type-variable"},"_links":{"self":[{"href":"https:\/\/www.digamo.uy\/index.php\/wp-json\/wp\/v2\/product\/5019","targetHints":{"allow":["GET"]}}],"collection":[{"href":"https:\/\/www.digamo.uy\/index.php\/wp-json\/wp\/v2\/product"}],"about":[{"href":"https:\/\/www.digamo.uy\/index.php\/wp-json\/wp\/v2\/types\/product"}],"replies":[{"embeddable":true,"href":"https:\/\/www.digamo.uy\/index.php\/wp-json\/wp\/v2\/comments?post=5019"}],"wp:featuredmedia":[{"embeddable":true,"href":"https:\/\/www.digamo.uy\/index.php\/wp-json\/wp\/v2\/media\/18257"}],"wp:attachment":[{"href":"https:\/\/www.digamo.uy\/index.php\/wp-json\/wp\/v2\/media?parent=5019"}],"wp:term":[{"taxonomy":"product_cat","embeddable":true,"href":"https:\/\/www.digamo.uy\/index.php\/wp-json\/wp\/v2\/product_cat?post=5019"},{"taxonomy":"product_tag","embeddable":true,"href":"https:\/\/www.digamo.uy\/index.php\/wp-json\/wp\/v2\/product_tag?post=5019"}],"curies":[{"name":"wp","href":"https:\/\/api.w.org\/{rel}","templated":true}]}}