{"id":5031,"date":"2023-07-05T04:47:35","date_gmt":"2023-07-05T07:47:35","guid":{"rendered":"https:\/\/www.digamo.uy\/index.php\/producto\/producto\/"},"modified":"2024-08-14T20:27:14","modified_gmt":"2024-08-14T23:27:14","slug":"silla-de-comer-de-bebe-regulable-sorbetto-infanti","status":"publish","type":"product","link":"https:\/\/www.digamo.uy\/index.php\/producto\/silla-de-comer-de-bebe-regulable-sorbetto-infanti\/","title":{"rendered":"Silla De Comer De Beb\u00e9 Regulable Sorbetto &#8211; Infanti"},"content":{"rendered":"<p>Silla de comer regulable Sorbetto &#8211; Infanti (RA2481LRE)<\/p>\n<p>Especificaciones:<br \/>\nF\u00e1cil plegado de pie para un almacenamiento pr\u00e1ctico.<br \/>\n3 posiciones de reclinaci\u00f3n.<br \/>\nBandeja regulable de 3 posiciones.<br \/>\nApoyapi\u00e9s de 3 alturas.<br \/>\nAsiento con 7 alturas ajustables.<br \/>\nMayor seguridad con arn\u00e9s de 5 puntas con hombreras.<br \/>\nLas 4 patas tienen ruedas y frenos.<br \/>\nFunda desmontable.<br \/>\nEntrepiernas extra\u00edble.<br \/>\nPeso: 9,4 kilos.<br \/>\nMedidas: Largo: 44,45 cm. x ancho: 25,4 cm x alto: 66,04 cm.<\/p>\n<p>&#8211; Recomendada para edad de: 6 meses a 36 meses y peso de: entre 9 a 18 kilos<\/p>\n","protected":false},"excerpt":{"rendered":"<p>Silla de comer regulable Sorbetto &#8211; Infanti (RA2481LRE) Especificaciones: F\u00e1cil plegado de pie para un almacenamiento pr\u00e1ctico. 3 posiciones de reclinaci\u00f3n. Bandeja regulable de 3 posiciones. Apoyapi\u00e9s de 3 alturas. Asiento con 7 alturas ajustables. Mayor seguridad con arn\u00e9s de 5 puntas con hombreras. Las 4 patas tienen ruedas y [&hellip;]<\/p>\n","protected":false},"featured_media":18266,"comment_status":"open","ping_status":"closed","template":"","meta":[],"product_cat":[21,99,206],"product_tag":[],"class_list":{"0":"post-5031","1":"product","2":"type-product","3":"status-publish","4":"has-post-thumbnail","6":"product_cat-beb-s","7":"product_cat-lactancia-y-alimentaci-n","8":"product_cat-sillas-de-comer","10":"first","11":"outofstock","12":"shipping-taxable","13":"purchasable","14":"product-type-variable"},"_links":{"self":[{"href":"https:\/\/www.digamo.uy\/index.php\/wp-json\/wp\/v2\/product\/5031","targetHints":{"allow":["GET"]}}],"collection":[{"href":"https:\/\/www.digamo.uy\/index.php\/wp-json\/wp\/v2\/product"}],"about":[{"href":"https:\/\/www.digamo.uy\/index.php\/wp-json\/wp\/v2\/types\/product"}],"replies":[{"embeddable":true,"href":"https:\/\/www.digamo.uy\/index.php\/wp-json\/wp\/v2\/comments?post=5031"}],"wp:featuredmedia":[{"embeddable":true,"href":"https:\/\/www.digamo.uy\/index.php\/wp-json\/wp\/v2\/media\/18266"}],"wp:attachment":[{"href":"https:\/\/www.digamo.uy\/index.php\/wp-json\/wp\/v2\/media?parent=5031"}],"wp:term":[{"taxonomy":"product_cat","embeddable":true,"href":"https:\/\/www.digamo.uy\/index.php\/wp-json\/wp\/v2\/product_cat?post=5031"},{"taxonomy":"product_tag","embeddable":true,"href":"https:\/\/www.digamo.uy\/index.php\/wp-json\/wp\/v2\/product_tag?post=5031"}],"curies":[{"name":"wp","href":"https:\/\/api.w.org\/{rel}","templated":true}]}}