{"id":5051,"date":"2023-07-05T04:48:05","date_gmt":"2023-07-05T07:48:05","guid":{"rendered":"https:\/\/www.digamo.uy\/index.php\/producto\/producto\/"},"modified":"2024-08-14T20:28:12","modified_gmt":"2024-08-14T23:28:12","slug":"movil-musical-arca-de-noe-para-coche-y-cuna-infanti","status":"publish","type":"product","link":"https:\/\/www.digamo.uy\/index.php\/producto\/movil-musical-arca-de-noe-para-coche-y-cuna-infanti\/","title":{"rendered":"M\u00f3vil Musical Arca  De Noe Para Coche Y Cuna &#8211; Infanti"},"content":{"rendered":"<p>Movil Musical arca de Noe para coche y cuna &#8211; Infanti (110490)<\/p>\n<p>Divertido y colorido m\u00f3vil musical motivo Arca de No\u00e9.<br \/>\nPor lo que incluye:<br \/>\n-cuatro animalitos de peluche,<br \/>\n-una suave melod\u00eda y una simp\u00e1tica formada ubicada en la caja musical.<br \/>\n&#8211; Funciona a cuerda.<br \/>\n&#8211; Gira y reproduce m\u00fasica.<br \/>\n&#8211; Su agarre adapta facilmente  a la baby silla, cochecito, baranda de cuna y practicunas.<br \/>\n&#8211; Suave y dulce melod\u00eda.<br \/>\n&#8211; Lo acompa\u00f1an y le dan una sensaci\u00f3n familiar a\u00fan fuera de casa.<br \/>\n&#8211; Indicado para beb\u00e9s entre 0 y 5 meses.<br \/>\nEst\u00e1 dise\u00f1ado para ayudar al desarrollo de las habilidades visuales y la percepci\u00f3n de sonidos por parte del beb\u00e9.<br \/>\nLa compa\u00f1\u00eda perfecta para tu peque\u00f1o, en casa o de viaje.<\/p>\n","protected":false},"excerpt":{"rendered":"<p>Movil Musical arca de Noe para coche y cuna &#8211; Infanti (110490) Divertido y colorido m\u00f3vil musical motivo Arca de No\u00e9. Por lo que incluye: -cuatro animalitos de peluche, -una suave melod\u00eda y una simp\u00e1tica formada ubicada en la caja musical. &#8211; Funciona a cuerda. &#8211; Gira y reproduce m\u00fasica. [&hellip;]<\/p>\n","protected":false},"featured_media":18289,"comment_status":"open","ping_status":"closed","template":"","meta":[],"product_cat":[21,52,51],"product_tag":[],"class_list":{"0":"post-5051","1":"product","2":"type-product","3":"status-publish","4":"has-post-thumbnail","6":"product_cat-beb-s","7":"product_cat-juegos-y-juguetes-para-beb-s","8":"product_cat-m-viles-para-cunas","10":"first","11":"outofstock","12":"shipping-taxable","13":"purchasable","14":"product-type-simple"},"_links":{"self":[{"href":"https:\/\/www.digamo.uy\/index.php\/wp-json\/wp\/v2\/product\/5051","targetHints":{"allow":["GET"]}}],"collection":[{"href":"https:\/\/www.digamo.uy\/index.php\/wp-json\/wp\/v2\/product"}],"about":[{"href":"https:\/\/www.digamo.uy\/index.php\/wp-json\/wp\/v2\/types\/product"}],"replies":[{"embeddable":true,"href":"https:\/\/www.digamo.uy\/index.php\/wp-json\/wp\/v2\/comments?post=5051"}],"wp:featuredmedia":[{"embeddable":true,"href":"https:\/\/www.digamo.uy\/index.php\/wp-json\/wp\/v2\/media\/18289"}],"wp:attachment":[{"href":"https:\/\/www.digamo.uy\/index.php\/wp-json\/wp\/v2\/media?parent=5051"}],"wp:term":[{"taxonomy":"product_cat","embeddable":true,"href":"https:\/\/www.digamo.uy\/index.php\/wp-json\/wp\/v2\/product_cat?post=5051"},{"taxonomy":"product_tag","embeddable":true,"href":"https:\/\/www.digamo.uy\/index.php\/wp-json\/wp\/v2\/product_tag?post=5051"}],"curies":[{"name":"wp","href":"https:\/\/api.w.org\/{rel}","templated":true}]}}