{"id":5580,"date":"2023-07-05T05:00:42","date_gmt":"2023-07-05T08:00:42","guid":{"rendered":"https:\/\/www.digamo.uy\/index.php\/producto\/producto\/"},"modified":"2024-08-14T21:27:12","modified_gmt":"2024-08-15T00:27:12","slug":"movil-musical-para-cuna-de-bebe-tropical","status":"publish","type":"product","link":"https:\/\/www.digamo.uy\/index.php\/producto\/movil-musical-para-cuna-de-bebe-tropical\/","title":{"rendered":"M\u00f3vil Musical Para Cuna De Bebe Tropical"},"content":{"rendered":"<p>M\u00f3vil Musical Para Cuna de bebe tropical (T12035)<\/p>\n<p>M\u00f3vil relajante con 30 minutos de m\u00fasica cl\u00e1sica, para los sentidos del beb\u00e9, habilidades cognitivas y desarrollo de inteligencia emocional<br \/>\npara un sue\u00f1o m\u00e1s f\u00e1cil y una crianza m\u00e1s f\u00e1cil!<br \/>\nIdeal para promover los sentidos, las habilidades cognitivas y la inteligencia emocional del beb\u00e9.<br \/>\n30 minutos de melod\u00edas cl\u00e1sicas de Mozart, Schuman, Vivaldi y m\u00e1s<br \/>\nPeluches de jard\u00edn &#8211; Ronnie el conejo, un p\u00e1jaro y una fresa<br \/>\nPromueve la actividad motora y el crecimiento.<br \/>\nRegulaci\u00f3n del volumen de la musica.<br \/>\nSe requieren 3 pilas AAA (no incluidas)<br \/>\nBrazo resistente y f\u00e1cil de fijar<\/p>\n","protected":false},"excerpt":{"rendered":"<p>M\u00f3vil Musical Para Cuna de bebe tropical (T12035) M\u00f3vil relajante con 30 minutos de m\u00fasica cl\u00e1sica, para los sentidos del beb\u00e9, habilidades cognitivas y desarrollo de inteligencia emocional para un sue\u00f1o m\u00e1s f\u00e1cil y una crianza m\u00e1s f\u00e1cil! Ideal para promover los sentidos, las habilidades cognitivas y la inteligencia emocional [&hellip;]<\/p>\n","protected":false},"featured_media":18777,"comment_status":"open","ping_status":"closed","template":"","meta":[],"product_cat":[21,52,51],"product_tag":[],"class_list":{"0":"post-5580","1":"product","2":"type-product","3":"status-publish","4":"has-post-thumbnail","6":"product_cat-beb-s","7":"product_cat-juegos-y-juguetes-para-beb-s","8":"product_cat-m-viles-para-cunas","10":"first","11":"outofstock","12":"shipping-taxable","13":"purchasable","14":"product-type-simple"},"_links":{"self":[{"href":"https:\/\/www.digamo.uy\/index.php\/wp-json\/wp\/v2\/product\/5580","targetHints":{"allow":["GET"]}}],"collection":[{"href":"https:\/\/www.digamo.uy\/index.php\/wp-json\/wp\/v2\/product"}],"about":[{"href":"https:\/\/www.digamo.uy\/index.php\/wp-json\/wp\/v2\/types\/product"}],"replies":[{"embeddable":true,"href":"https:\/\/www.digamo.uy\/index.php\/wp-json\/wp\/v2\/comments?post=5580"}],"wp:featuredmedia":[{"embeddable":true,"href":"https:\/\/www.digamo.uy\/index.php\/wp-json\/wp\/v2\/media\/18777"}],"wp:attachment":[{"href":"https:\/\/www.digamo.uy\/index.php\/wp-json\/wp\/v2\/media?parent=5580"}],"wp:term":[{"taxonomy":"product_cat","embeddable":true,"href":"https:\/\/www.digamo.uy\/index.php\/wp-json\/wp\/v2\/product_cat?post=5580"},{"taxonomy":"product_tag","embeddable":true,"href":"https:\/\/www.digamo.uy\/index.php\/wp-json\/wp\/v2\/product_tag?post=5580"}],"curies":[{"name":"wp","href":"https:\/\/api.w.org\/{rel}","templated":true}]}}