{"id":5658,"date":"2023-07-05T05:20:21","date_gmt":"2023-07-05T08:20:21","guid":{"rendered":"https:\/\/www.digamo.uy\/index.php\/producto\/producto\/"},"modified":"2024-08-14T21:32:18","modified_gmt":"2024-08-15T00:32:18","slug":"pelela-de-bebe-tipo-inodoro-water-con-ojitos","status":"publish","type":"product","link":"https:\/\/www.digamo.uy\/index.php\/producto\/pelela-de-bebe-tipo-inodoro-water-con-ojitos\/","title":{"rendered":"Pelela De Beb\u00e9 Tipo Inodoro \/ Water Con Ojitos"},"content":{"rendered":"<p>Pelela beb\u00e9 tipo inodoro con ojitos (6813)<\/p>\n<p>Una buena p\u00e9lela para beb\u00e9s.<br \/>\nCon respaldo y tapa encima del urinario que es f\u00e1cil de levantar.<br \/>\nEl urinario se extrae para facilitar la limpieza.<br \/>\nSe puede llevar a cualquier parte.<br \/>\nHecho de material seguro de polietileno.<br \/>\nEs f\u00e1cil de limpiar con material pl\u00e1stico ambiental.<br \/>\nAdecuado para m\u00e1s de 12 meses.<br \/>\nTama\u00f1o del producto: 35,5 \u00d7 36 \u00d7 40 cm<\/p>\n<p>Colores disponibles en naranjo y en celeste<\/p>\n","protected":false},"excerpt":{"rendered":"<p>Pelela beb\u00e9 tipo inodoro con ojitos (6813) Una buena p\u00e9lela para beb\u00e9s. Con respaldo y tapa encima del urinario que es f\u00e1cil de levantar. El urinario se extrae para facilitar la limpieza. Se puede llevar a cualquier parte. Hecho de material seguro de polietileno. Es f\u00e1cil de limpiar con material [&hellip;]<\/p>\n","protected":false},"featured_media":18838,"comment_status":"open","ping_status":"closed","template":"","meta":[],"product_cat":[20,21,19],"product_tag":[],"class_list":{"0":"post-5658","1":"product","2":"type-product","3":"status-publish","4":"has-post-thumbnail","6":"product_cat-art-culos-de-beb-s-para-ba-o","7":"product_cat-beb-s","8":"product_cat-pelelas","10":"first","11":"instock","12":"shipping-taxable","13":"purchasable","14":"product-type-simple"},"_links":{"self":[{"href":"https:\/\/www.digamo.uy\/index.php\/wp-json\/wp\/v2\/product\/5658","targetHints":{"allow":["GET"]}}],"collection":[{"href":"https:\/\/www.digamo.uy\/index.php\/wp-json\/wp\/v2\/product"}],"about":[{"href":"https:\/\/www.digamo.uy\/index.php\/wp-json\/wp\/v2\/types\/product"}],"replies":[{"embeddable":true,"href":"https:\/\/www.digamo.uy\/index.php\/wp-json\/wp\/v2\/comments?post=5658"}],"wp:featuredmedia":[{"embeddable":true,"href":"https:\/\/www.digamo.uy\/index.php\/wp-json\/wp\/v2\/media\/18838"}],"wp:attachment":[{"href":"https:\/\/www.digamo.uy\/index.php\/wp-json\/wp\/v2\/media?parent=5658"}],"wp:term":[{"taxonomy":"product_cat","embeddable":true,"href":"https:\/\/www.digamo.uy\/index.php\/wp-json\/wp\/v2\/product_cat?post=5658"},{"taxonomy":"product_tag","embeddable":true,"href":"https:\/\/www.digamo.uy\/index.php\/wp-json\/wp\/v2\/product_tag?post=5658"}],"curies":[{"name":"wp","href":"https:\/\/api.w.org\/{rel}","templated":true}]}}