{"id":5740,"date":"2023-07-05T05:21:14","date_gmt":"2023-07-05T08:21:14","guid":{"rendered":"https:\/\/www.digamo.uy\/index.php\/producto\/producto\/"},"modified":"2024-08-14T21:37:14","modified_gmt":"2024-08-15T00:37:14","slug":"butaca-para-auto-alpha-omega-elite-50-quartz-safety-1st","status":"publish","type":"product","link":"https:\/\/www.digamo.uy\/index.php\/producto\/butaca-para-auto-alpha-omega-elite-50-quartz-safety-1st\/","title":{"rendered":"Butaca Para Auto &#8211; Alpha Omega Elite 50 Quartz &#8211;  Safety 1st"},"content":{"rendered":"<p>Butaca para Auto &#8211; Alpha Omega Elite 50 Quartz &#8211; Safety 1st (CC106)<\/p>\n<p>El asiento de coche convertible Alpha Omega Elite de Safety 1st es un asiento de coche de uso extendido con comodidad superior y caracter\u00edsticas de comodidad para mantener a tu ni\u00f1o en crecimiento m\u00e1s seguro mientras conduces en el coche; desde un peque\u00f1o beb\u00e9 que viene a casa desde el hospital hasta un ni\u00f1o mayor que va a la escuela, mantendr\u00e1 a tu peque\u00f1o m\u00e1s seguro durante el viaje. <\/p>\n<p>Cuenta con 3 posiciones de reclinaci\u00f3n, soporte cabezal y lumbar extra\u00edble, apoya brazos acolchados y giratorios.<\/p>\n<p>Comienza como un asiento de coche para beb\u00e9 con un soporte extra\u00edble para mantener a los beb\u00e9s m\u00e1s peque\u00f1os c\u00f3modamente posicionados. <\/p>\n<p>Luego se convierte en un asiento de coche con arn\u00e9s orientado hacia adelante y luego se transforma en un refuerzo de posicionamiento de cintur\u00f3n para uso de hasta 45 Kgs. <\/p>\n<p>Los reposabrazos m\u00f3viles facilitan la entrada y salida del asiento y el reposacabezas acolchado QuickFit se ajusta con el arn\u00e9s en un solo paso y nunca necesita reenhebrar. <\/p>\n<p>Asiento de coche extensible. <\/p>\n<p>&#8211; Retrovisor<br \/>\n&#8211; Orientaci\u00f3n hacia adelante<br \/>\n&#8211; Potenciador de posicionamiento de cintur\u00f3n<\/p>\n<p>Protecci\u00f3n lateral contra impactos. <\/p>\n<p>El reposacabezas acolchado QuickFit se ajusta con arn\u00e9s en un solo paso, nunca necesita volver a enhebrar.<\/p>\n<p>El soporte extra\u00edble para beb\u00e9s mantiene a los beb\u00e9s m\u00e1s peque\u00f1os c\u00f3modamente posicionados. <\/p>\n<p>Reposabrazos m\u00f3viles. <\/p>\n<p>Portavasos. <\/p>\n<p>LATCH equipado<\/p>\n","protected":false},"excerpt":{"rendered":"<p>Butaca para Auto &#8211; Alpha Omega Elite 50 Quartz &#8211; Safety 1st (CC106) El asiento de coche convertible Alpha Omega Elite de Safety 1st es un asiento de coche de uso extendido con comodidad superior y caracter\u00edsticas de comodidad para mantener a tu ni\u00f1o en crecimiento m\u00e1s seguro mientras conduces [&hellip;]<\/p>\n","protected":false},"featured_media":18916,"comment_status":"open","ping_status":"closed","template":"","meta":[],"product_cat":[21,28,27],"product_tag":[],"class_list":{"0":"post-5740","1":"product","2":"type-product","3":"status-publish","4":"has-post-thumbnail","6":"product_cat-beb-s","7":"product_cat-paseo-del-beb","8":"product_cat-sillas-para-autos","10":"first","11":"outofstock","12":"shipping-taxable","13":"purchasable","14":"product-type-variable"},"_links":{"self":[{"href":"https:\/\/www.digamo.uy\/index.php\/wp-json\/wp\/v2\/product\/5740","targetHints":{"allow":["GET"]}}],"collection":[{"href":"https:\/\/www.digamo.uy\/index.php\/wp-json\/wp\/v2\/product"}],"about":[{"href":"https:\/\/www.digamo.uy\/index.php\/wp-json\/wp\/v2\/types\/product"}],"replies":[{"embeddable":true,"href":"https:\/\/www.digamo.uy\/index.php\/wp-json\/wp\/v2\/comments?post=5740"}],"wp:featuredmedia":[{"embeddable":true,"href":"https:\/\/www.digamo.uy\/index.php\/wp-json\/wp\/v2\/media\/18916"}],"wp:attachment":[{"href":"https:\/\/www.digamo.uy\/index.php\/wp-json\/wp\/v2\/media?parent=5740"}],"wp:term":[{"taxonomy":"product_cat","embeddable":true,"href":"https:\/\/www.digamo.uy\/index.php\/wp-json\/wp\/v2\/product_cat?post=5740"},{"taxonomy":"product_tag","embeddable":true,"href":"https:\/\/www.digamo.uy\/index.php\/wp-json\/wp\/v2\/product_tag?post=5740"}],"curies":[{"name":"wp","href":"https:\/\/api.w.org\/{rel}","templated":true}]}}