{"id":6105,"date":"2023-07-05T05:24:56","date_gmt":"2023-07-05T08:24:56","guid":{"rendered":"https:\/\/www.digamo.uy\/index.php\/producto\/producto\/"},"modified":"2024-08-15T16:09:13","modified_gmt":"2024-08-15T19:09:13","slug":"silla-de-comer-sillita-asiento-elevador-badabulle-babymoov","status":"publish","type":"product","link":"https:\/\/www.digamo.uy\/index.php\/producto\/silla-de-comer-sillita-asiento-elevador-badabulle-babymoov\/","title":{"rendered":"Silla De Comer Sillita Asiento Elevador &#8211; Badabulle Babymoov"},"content":{"rendered":"<p>Silla De Comer sillita Asiento Elevador &#8211; Badabulle Babymoov<\/p>\n<p>&#8211; Respaldo y asiento muy c\u00f3modos con cojines acolchonados<br \/>\n&#8211; Altura ajustable: 3 posiciones<br \/>\n&#8211; 3 arneses: 1 cintur\u00f3n de 3 puntos y 2 correas (respaldo y asiento)<br \/>\n&#8211; Pies ajustables para adaptarse a todas las sillas<br \/>\n&#8211; Bandeja extra\u00edble<br \/>\n&#8211; Asa de transporte<br \/>\nLa silla confort Badabulle es adecuado para todo tipo de silla; su asiento se ajusta en altura gracias a sus 3 posiciones y los pies se ajustan independientemente en la parte delantera y trasera<br \/>\nLa silla Badabulle es super compacta mide solo 20 cm de grosor cuando est\u00e1 plegado y, gracias a su asa de transporte, \u00a1se lleva a todas partes!<br \/>\nSeguridad \u00f3ptima, el arn\u00e9s de 3 puntos sostiene al beb\u00e9 perfectamente durante las comidas<br \/>\nCuando el beb\u00e9 crece se convierte en una silla peque\u00f1a gracias al estante extra\u00edble<br \/>\nLos cojines se pueden lavar en la lavadora<\/p>\n<p>Dimensiones:<br \/>\nAbierto &#8211; 38 x 36,5 x 39 cm<br \/>\nPlegado &#8211; 32 x 38 x 20 cm<br \/>\nBandeja &#8211; 36 x 21 x 3,5 cm <\/p>\n<p>Recomendado de 6 a 36 meses, Hasta 15 kg<\/p>\n","protected":false},"excerpt":{"rendered":"<p>Silla De Comer sillita Asiento Elevador &#8211; Badabulle Babymoov &#8211; Respaldo y asiento muy c\u00f3modos con cojines acolchonados &#8211; Altura ajustable: 3 posiciones &#8211; 3 arneses: 1 cintur\u00f3n de 3 puntos y 2 correas (respaldo y asiento) &#8211; Pies ajustables para adaptarse a todas las sillas &#8211; Bandeja extra\u00edble &#8211; [&hellip;]<\/p>\n","protected":false},"featured_media":20388,"comment_status":"open","ping_status":"closed","template":"","meta":[],"product_cat":[21,99,206],"product_tag":[],"class_list":{"0":"post-6105","1":"product","2":"type-product","3":"status-publish","4":"has-post-thumbnail","6":"product_cat-beb-s","7":"product_cat-lactancia-y-alimentaci-n","8":"product_cat-sillas-de-comer","10":"first","11":"outofstock","12":"shipping-taxable","13":"purchasable","14":"product-type-variable"},"_links":{"self":[{"href":"https:\/\/www.digamo.uy\/index.php\/wp-json\/wp\/v2\/product\/6105","targetHints":{"allow":["GET"]}}],"collection":[{"href":"https:\/\/www.digamo.uy\/index.php\/wp-json\/wp\/v2\/product"}],"about":[{"href":"https:\/\/www.digamo.uy\/index.php\/wp-json\/wp\/v2\/types\/product"}],"replies":[{"embeddable":true,"href":"https:\/\/www.digamo.uy\/index.php\/wp-json\/wp\/v2\/comments?post=6105"}],"wp:featuredmedia":[{"embeddable":true,"href":"https:\/\/www.digamo.uy\/index.php\/wp-json\/wp\/v2\/media\/20388"}],"wp:attachment":[{"href":"https:\/\/www.digamo.uy\/index.php\/wp-json\/wp\/v2\/media?parent=6105"}],"wp:term":[{"taxonomy":"product_cat","embeddable":true,"href":"https:\/\/www.digamo.uy\/index.php\/wp-json\/wp\/v2\/product_cat?post=6105"},{"taxonomy":"product_tag","embeddable":true,"href":"https:\/\/www.digamo.uy\/index.php\/wp-json\/wp\/v2\/product_tag?post=6105"}],"curies":[{"name":"wp","href":"https:\/\/api.w.org\/{rel}","templated":true}]}}