{"id":6186,"date":"2023-07-05T05:25:52","date_gmt":"2023-07-05T08:25:52","guid":{"rendered":"https:\/\/www.digamo.uy\/index.php\/producto\/producto\/"},"modified":"2024-08-15T16:11:57","modified_gmt":"2024-08-15T19:11:57","slug":"manta-de-viaje-paseo-picnic-5x5-jj-cole","status":"publish","type":"product","link":"https:\/\/www.digamo.uy\/index.php\/producto\/manta-de-viaje-paseo-picnic-5x5-jj-cole\/","title":{"rendered":"Manta De Viaje \/ Paseo \/ Picnic &#8211; 5&#215;5 &#8211; Jj Cole"},"content":{"rendered":"<p>Manta de viaje \/ paseo \/ picnic &#8211; JJ Cole (5&#215;5)<\/p>\n<p>The Outdoor Mat es ideal para toda la familia en cualquier ocasi\u00f3n. <\/p>\n<p>Exti\u00e9ndelo en el parque, la playa e incluso en eventos deportivos. <\/p>\n<p>Su tejido exterior duradero es ideal para cualquier superficie, y el forro interior se limpia r\u00e1pidamente.<\/p>\n<p>La vida es una playa. O un picnic &#8230; o un partido de f\u00fatbol. De hecho, CUALQUIER evento al aire libre es mejor con nuestra alfombra para exteriores totalmente funcional. <\/p>\n<p>Dise\u00f1ada para facilitar el transporte, esta alfombrilla cuenta con una correa de transporte ajustable y un dise\u00f1o de plegado r\u00e1pido, perfecta para las familias activas de hoy. <\/p>\n<p>El resistente tejido resistente al agua es ideal para cualquier superficie y el revestimiento interior se limpia r\u00e1pidamente en caso de migas o derrames de jugo.<\/p>\n<p>Medidas: 152 cms x 152 cms<\/p>\n","protected":false},"excerpt":{"rendered":"<p>Manta de viaje \/ paseo \/ picnic &#8211; JJ Cole (5&#215;5) The Outdoor Mat es ideal para toda la familia en cualquier ocasi\u00f3n. Exti\u00e9ndelo en el parque, la playa e incluso en eventos deportivos. Su tejido exterior duradero es ideal para cualquier superficie, y el forro interior se limpia r\u00e1pidamente. [&hellip;]<\/p>\n","protected":false},"featured_media":20464,"comment_status":"open","ping_status":"closed","template":"","meta":[],"product_cat":[21,44,85,86],"product_tag":[],"class_list":{"0":"post-6186","1":"product","2":"type-product","3":"status-publish","4":"has-post-thumbnail","6":"product_cat-beb-s","7":"product_cat-cuarto-del-beb","8":"product_cat-mantas-y-frazadas","9":"product_cat-ropa-y-protectores-de-cuna","11":"first","12":"outofstock","13":"shipping-taxable","14":"purchasable","15":"product-type-simple"},"_links":{"self":[{"href":"https:\/\/www.digamo.uy\/index.php\/wp-json\/wp\/v2\/product\/6186","targetHints":{"allow":["GET"]}}],"collection":[{"href":"https:\/\/www.digamo.uy\/index.php\/wp-json\/wp\/v2\/product"}],"about":[{"href":"https:\/\/www.digamo.uy\/index.php\/wp-json\/wp\/v2\/types\/product"}],"replies":[{"embeddable":true,"href":"https:\/\/www.digamo.uy\/index.php\/wp-json\/wp\/v2\/comments?post=6186"}],"wp:featuredmedia":[{"embeddable":true,"href":"https:\/\/www.digamo.uy\/index.php\/wp-json\/wp\/v2\/media\/20464"}],"wp:attachment":[{"href":"https:\/\/www.digamo.uy\/index.php\/wp-json\/wp\/v2\/media?parent=6186"}],"wp:term":[{"taxonomy":"product_cat","embeddable":true,"href":"https:\/\/www.digamo.uy\/index.php\/wp-json\/wp\/v2\/product_cat?post=6186"},{"taxonomy":"product_tag","embeddable":true,"href":"https:\/\/www.digamo.uy\/index.php\/wp-json\/wp\/v2\/product_tag?post=6186"}],"curies":[{"name":"wp","href":"https:\/\/api.w.org\/{rel}","templated":true}]}}