{"id":6273,"date":"2023-07-05T05:27:01","date_gmt":"2023-07-05T08:27:01","guid":{"rendered":"https:\/\/www.digamo.uy\/index.php\/producto\/producto\/"},"modified":"2024-08-15T16:15:27","modified_gmt":"2024-08-15T19:15:27","slug":"movil-tiny-love-meadow-days-take-along-mobile-tiny-love","status":"publish","type":"product","link":"https:\/\/www.digamo.uy\/index.php\/producto\/movil-tiny-love-meadow-days-take-along-mobile-tiny-love\/","title":{"rendered":"M\u00f3vil Tiny Love Meadow Days Take Along Mobile &#8211; Tiny Love"},"content":{"rendered":"<p>M\u00f3vil Tiny Love Meadow Days Take Along Mobile &#8211; Tiny Love<\/p>\n<p>El m\u00f3vil Tiny Love Take Along es un m\u00f3vil colorido y atractivo que va f\u00e1cilmente a todas partes con tu beb\u00e9. Desde una edad muy temprana, los beb\u00e9s apreciar\u00e1n la sensaci\u00f3n de seguridad y continuidad invocada al llevar este m\u00f3vil a todas partes. Cuenta con 30 minutos de 5 melod\u00edas diferentes para ayudar a calmar y divertir a su peque\u00f1o. Los coloridos juguetes colgantes giran para brindarle a su beb\u00e9 estimulaci\u00f3n visual. Este m\u00f3vil adaptable est\u00e1 dise\u00f1ado para conectarse f\u00e1cilmente a la mayor\u00eda de los patios de juego, carriolas y mois\u00e9s para que pueda llevarlo a donde sea que el d\u00eda lo lleve a usted y a su beb\u00e9. Caracter\u00edstica Dise\u00f1ada para engancharse f\u00e1cilmente en patios de juego, portabeb\u00e9s, cochecitos y mois\u00e9s Hasta 30 minutos de 5 melod\u00edas continuas diferentes Juguetes giratorios para entretener al beb\u00e9 Sujeta brazos para jugar en el patio o la cuna Cierre de velcro para portabeb\u00e9s<br \/>\nEspecificaciones de Tiny Love Meadow Days Take Along Mobile<\/p>\n<p>0-3 mes<br \/>\nLos beb\u00e9s de todas las edades relevantes apreciar\u00e1n la sensaci\u00f3n de seguridad y continuidad invocada al utilizar este m\u00f3vil en cualquier lugar al que vaya.<\/p>\n<p>3-5 mes<br \/>\nLlame a las figuras por su nombre para empezar a construir el vocabulario del beb\u00e9:\u00bb\u00bb\u00bfD\u00f3nde est\u00e1 la flor?\u00a1Aqu\u00ed!\u00bb\u00bb\u00bfD\u00f3nde est\u00e1 la mariposa?\u00a1All\u00ed!\u00bb\u00bb<\/p>\n","protected":false},"excerpt":{"rendered":"<p>M\u00f3vil Tiny Love Meadow Days Take Along Mobile &#8211; Tiny Love El m\u00f3vil Tiny Love Take Along es un m\u00f3vil colorido y atractivo que va f\u00e1cilmente a todas partes con tu beb\u00e9. Desde una edad muy temprana, los beb\u00e9s apreciar\u00e1n la sensaci\u00f3n de seguridad y continuidad invocada al llevar este [&hellip;]<\/p>\n","protected":false},"featured_media":20541,"comment_status":"open","ping_status":"closed","template":"","meta":[],"product_cat":[21,52,51],"product_tag":[],"class_list":{"0":"post-6273","1":"product","2":"type-product","3":"status-publish","4":"has-post-thumbnail","6":"product_cat-beb-s","7":"product_cat-juegos-y-juguetes-para-beb-s","8":"product_cat-m-viles-para-cunas","10":"first","11":"outofstock","12":"shipping-taxable","13":"purchasable","14":"product-type-simple"},"_links":{"self":[{"href":"https:\/\/www.digamo.uy\/index.php\/wp-json\/wp\/v2\/product\/6273","targetHints":{"allow":["GET"]}}],"collection":[{"href":"https:\/\/www.digamo.uy\/index.php\/wp-json\/wp\/v2\/product"}],"about":[{"href":"https:\/\/www.digamo.uy\/index.php\/wp-json\/wp\/v2\/types\/product"}],"replies":[{"embeddable":true,"href":"https:\/\/www.digamo.uy\/index.php\/wp-json\/wp\/v2\/comments?post=6273"}],"wp:featuredmedia":[{"embeddable":true,"href":"https:\/\/www.digamo.uy\/index.php\/wp-json\/wp\/v2\/media\/20541"}],"wp:attachment":[{"href":"https:\/\/www.digamo.uy\/index.php\/wp-json\/wp\/v2\/media?parent=6273"}],"wp:term":[{"taxonomy":"product_cat","embeddable":true,"href":"https:\/\/www.digamo.uy\/index.php\/wp-json\/wp\/v2\/product_cat?post=6273"},{"taxonomy":"product_tag","embeddable":true,"href":"https:\/\/www.digamo.uy\/index.php\/wp-json\/wp\/v2\/product_tag?post=6273"}],"curies":[{"name":"wp","href":"https:\/\/api.w.org\/{rel}","templated":true}]}}