{"id":6288,"date":"2023-07-05T08:27:12","date_gmt":"2023-07-05T08:27:12","guid":{"rendered":"https:\/\/www.digamo.uy\/index.php\/producto\/producto\/"},"modified":"2023-07-05T08:27:19","modified_gmt":"2023-07-05T08:27:19","slug":"coche-travel-system-litetrax-infanti-joie-gris","status":"publish","type":"product","link":"https:\/\/www.digamo.uy\/index.php\/producto\/coche-travel-system-litetrax-infanti-joie-gris\/","title":{"rendered":"Coche Travel System &#8211; Litetrax &#8211; Infanti Joie &#8211; Gris"},"content":{"rendered":"<p>Travel System &#8211; Litetrax &#8211; Infanti Joie &#8211; Gris<\/p>\n<p>Descubre litetrax<br \/>\nTransportando tendencias con plegado r\u00e1pido. Sistema de plegado convenientemente situado, con una mano y en un plis.<\/p>\n<p>Se pliega en un plis<br \/>\nEl dispositivo de plegado instant\u00e1neo con una sola mano est\u00e1 situado en medio del asiento, s\u00f3lo tira y listo.<\/p>\n<p>Aliada del peque<br \/>\nSorprendente reclinado total, capota super-extensible y arn\u00e9s de tacto suave dan la bienvenida a los viajeros m\u00e1s delicados<\/p>\n<p>Un confortable paseo<br \/>\nEstilo muy moderno optimizado para un mejor confort y comodidad, con organizador para los padres, arn\u00e9s de tacto suave y cesta para llevar lo que quieras<\/p>\n<p>Caracter\u00edsticas: <\/p>\n<p>&#8211; Plegado compacto con una sola mano y de f\u00e1cil acceso en medio del asiento<\/p>\n<p>&#8211; Adecuada desde el nacimiento gracias a su reclinado total<\/p>\n<p>&#8211; Combina con el Grupo 0+ Gemm e i-Gemm sin adaptadores<\/p>\n<p>&#8211; Combina con el capazo Ramble con adaptadores<\/p>\n<p>&#8211; Chasis aerodin\u00e1mico de 4 ruedas<\/p>\n<p>&#8211; Bloqueo de plegado autom\u00e1tico<\/p>\n<p>&#8211; Reclinado mec\u00e1nico en 4 posiciones, con una sola mano y sin despertar al beb\u00e9<\/p>\n<p>&#8211; Reposapi\u00e9s ajustable en 2 posiciones<\/p>\n<p>&#8211; Cobertura total, capota extensible con cremallera<\/p>\n<p>&#8211; Panel de ventilaci\u00f3n con cremallera en la capota para los d\u00edas m\u00e1s calurosos<\/p>\n<p>&#8211; Gran cesta<\/p>\n<p>&#8211; Portaobjetos en el asa para los padres<\/p>\n<p>&#8211; Suspensi\u00f3n integral<\/p>\n<p>&#8211; Bloqueo de giro de las ruedas delanteras<\/p>\n<p>&#8211; Ruedas delanteras y traseras de f\u00e1cil desmontaje<\/p>\n<p>&#8211; Barra apoyabrazos extra\u00edble con funda de tela<\/p>\n<p>&#8211; Freno de pulsaci\u00f3n simple<\/p>\n<p>&#8211; Suave arn\u00e9s de 5 puntos con protectores de hombros y ajustable en 3 posiciones<\/p>\n<p>Especificaciones:<\/p>\n<p>&#8211; Medidas abierto: largo 93cm x ancho 59,4cm x alto 103cm<\/p>\n<p>&#8211; Medidas plegado: largo 59,3cm x ancho 31,5cm x alto 82cm<\/p>\n<p>&#8211; Peso: 9,74kg<\/p>\n<p>&#8211; Uso del producto: desde el nacimiento hasta los 15kg<\/p>\n<p>Colores disponibles: Chromium (Gris)<\/p>\n<p>Incluye base para automovil<\/p>\n<p>Una base optimizada en la que encaja nuestro portabeb\u00e9s gemm\u2122 con un solo clic<\/p>\n<p>Seguridad<br \/>\nAsegura una instalaci\u00f3n simple y segura &#8211; el portabeb\u00e9s se coloca con un simple clic y se desinstala apretando un solo bot\u00f3n<\/p>\n<p>F\u00e1cil y precisa<br \/>\nLa sujeci\u00f3n del cintur\u00f3n asegura una instalaci\u00f3n firme de la base en el asiento del veh\u00edculo y los indicadores de color confirman que tanto la pata de apoyo como el portabeb\u00e9s est\u00e1n bien instalados.<\/p>\n<p>Gran precisi\u00f3n<br \/>\nLos indicadores de color confirman la instalaci\u00f3n correcta de la pata de apoyo y del portabeb\u00e9s<\/p>\n<p>Caracter\u00edsticas: <\/p>\n<p>-Instalaci\u00f3n segura con el cintur\u00f3n de 3 puntos del veh\u00edculo<\/p>\n<p>-Tensor de cintur\u00f3n para asegurar una firme instalaci\u00f3n cuando se usa el cintur\u00f3n<\/p>\n<p>-Testigos de instalaci\u00f3n correcta para la base en el asiento del coche<\/p>\n<p>-Testigos de instalaci\u00f3n correcta para la gemm\u2122 a la base<\/p>\n<p>-Pata de apoyo regulable<\/p>\n<p>-Almacenaje de la pata de apoyo en la base cuando no se usa<\/p>\n<p>-Bot\u00f3n de desinstalaci\u00f3n r\u00e1pida para cambiar la silla de un coche a otro<\/p>\n<p>Especificaciones:<\/p>\n<p>-Uso del producto: Grupo 0+, desde el nacimiento hasta los 13kg<\/p>\n<p>-Dimensiones: largo 58cm x ancho 32cm x alto 58.5cm<\/p>\n<p>-Peso: 4.7kg<\/p>\n<p>-Homologaci\u00f3n: ECE R44\/04<\/p>\n","protected":false},"excerpt":{"rendered":"<p>Travel System &#8211; Litetrax &#8211; Infanti Joie &#8211; Gris Descubre litetrax Transportando tendencias con plegado r\u00e1pido. Sistema de plegado convenientemente situado, con una mano y en un plis. Se pliega en un plis El dispositivo de plegado instant\u00e1neo con una sola mano est\u00e1 situado en medio del asiento, s\u00f3lo tira [&hellip;]<\/p>\n","protected":false},"featured_media":6289,"comment_status":"open","ping_status":"closed","template":"","meta":[],"product_cat":[21,104,28],"product_tag":[],"class_list":{"0":"post-6288","1":"product","2":"type-product","3":"status-publish","4":"has-post-thumbnail","6":"product_cat-beb-s","7":"product_cat-cochecitos-para-beb-s","8":"product_cat-paseo-del-beb","10":"first","11":"instock","12":"shipping-taxable","13":"purchasable","14":"product-type-variable"},"_links":{"self":[{"href":"https:\/\/www.digamo.uy\/index.php\/wp-json\/wp\/v2\/product\/6288","targetHints":{"allow":["GET"]}}],"collection":[{"href":"https:\/\/www.digamo.uy\/index.php\/wp-json\/wp\/v2\/product"}],"about":[{"href":"https:\/\/www.digamo.uy\/index.php\/wp-json\/wp\/v2\/types\/product"}],"replies":[{"embeddable":true,"href":"https:\/\/www.digamo.uy\/index.php\/wp-json\/wp\/v2\/comments?post=6288"}],"wp:featuredmedia":[{"embeddable":true,"href":"https:\/\/www.digamo.uy\/index.php\/wp-json\/wp\/v2\/media\/6289"}],"wp:attachment":[{"href":"https:\/\/www.digamo.uy\/index.php\/wp-json\/wp\/v2\/media?parent=6288"}],"wp:term":[{"taxonomy":"product_cat","embeddable":true,"href":"https:\/\/www.digamo.uy\/index.php\/wp-json\/wp\/v2\/product_cat?post=6288"},{"taxonomy":"product_tag","embeddable":true,"href":"https:\/\/www.digamo.uy\/index.php\/wp-json\/wp\/v2\/product_tag?post=6288"}],"curies":[{"name":"wp","href":"https:\/\/api.w.org\/{rel}","templated":true}]}}