{"id":6571,"date":"2023-07-05T05:30:27","date_gmt":"2023-07-05T08:30:27","guid":{"rendered":"https:\/\/www.digamo.uy\/index.php\/producto\/producto\/"},"modified":"2024-08-15T16:27:25","modified_gmt":"2024-08-15T19:27:25","slug":"muneca-elena-llorens","status":"publish","type":"product","link":"https:\/\/www.digamo.uy\/index.php\/producto\/muneca-elena-llorens\/","title":{"rendered":"Mu\u00f1eca Elena &#8211; Llorens"},"content":{"rendered":"<p>Mu\u00f1eca Elena &#8211; Llorens (53519)<\/p>\n<p>Tenemos amiguitas en todas las partes del mundo, todas ellas con vestidos super lindos, porque como a ti, les gusta ir a la \u00faltima.<\/p>\n<p>\u00a1Las mu\u00f1ecas Llorens son un amor!<\/p>\n<p>Sus nombres tambi\u00e9n te van a gustar:<br \/>\nValeria, Martina, Sara, Nicole y muchas m\u00e1s.<\/p>\n<p>P\u00e9inalas, v\u00edstelas y colecci\u00f3nalas: Te van a enamorar.<\/p>\n<p>\u00a1Las minis son un encanto!<\/p>\n<p>Estas mu\u00f1ecas Llorens son articuladas, son mu\u00f1ecas de alta gama que mueven cabeza, brazos y piernas y consiguen multitud de posturas reales y divertidas.<\/p>\n<p>Llorens en una marca Espa\u00f1ola, con confecci\u00f3n a mano y de 1ra calidad.<\/p>\n<p>Una mu\u00f1eca bonita, con forma e imitaci\u00f3n realista que recuerda a una ni\u00f1a peque\u00f1a.<\/p>\n<p>Las extremidades y la cabeza se mueven alrededor de su propio eje, y los ojos est\u00e1n permanentemente abiertos.<\/p>\n<p>La Mu\u00f1eca Elena tiene 35 cm de alto y est\u00e1 hecha de vinilo suave y agradable.<\/p>\n<p>\u00a1Las formas aut\u00e9nticas y perfectamente reproducidas de mu\u00f1ecas y los detalles de la cara como los ojos, los labios y el cabello seguramente deleitar\u00e1n a todas las ni\u00f1as peque\u00f1as y grandes! <\/p>\n<p>Excelente selecci\u00f3n de ropa de alta calidad, su color, corte, textura y numerosos detalles hacen que estas mu\u00f1ecas se vean en vivo. <\/p>\n<p>Gracias a esto, se convertir\u00e1n en los mejores compa\u00f1eros de los ni\u00f1os.<\/p>\n","protected":false},"excerpt":{"rendered":"<p>Mu\u00f1eca Elena &#8211; Llorens (53519) Tenemos amiguitas en todas las partes del mundo, todas ellas con vestidos super lindos, porque como a ti, les gusta ir a la \u00faltima. \u00a1Las mu\u00f1ecas Llorens son un amor! Sus nombres tambi\u00e9n te van a gustar: Valeria, Martina, Sara, Nicole y muchas m\u00e1s. P\u00e9inalas, [&hellip;]<\/p>\n","protected":false},"featured_media":20835,"comment_status":"open","ping_status":"closed","template":"","meta":[],"product_cat":[24,300,48],"product_tag":[],"class_list":{"0":"post-6571","1":"product","2":"type-product","3":"status-publish","4":"has-post-thumbnail","6":"product_cat-juegos-y-juguetes","7":"product_cat-mu-ecas-y-bebotes","8":"product_cat-mu-ecos-y-mu-ecas","10":"first","11":"outofstock","12":"shipping-taxable","13":"purchasable","14":"product-type-simple"},"_links":{"self":[{"href":"https:\/\/www.digamo.uy\/index.php\/wp-json\/wp\/v2\/product\/6571","targetHints":{"allow":["GET"]}}],"collection":[{"href":"https:\/\/www.digamo.uy\/index.php\/wp-json\/wp\/v2\/product"}],"about":[{"href":"https:\/\/www.digamo.uy\/index.php\/wp-json\/wp\/v2\/types\/product"}],"replies":[{"embeddable":true,"href":"https:\/\/www.digamo.uy\/index.php\/wp-json\/wp\/v2\/comments?post=6571"}],"wp:featuredmedia":[{"embeddable":true,"href":"https:\/\/www.digamo.uy\/index.php\/wp-json\/wp\/v2\/media\/20835"}],"wp:attachment":[{"href":"https:\/\/www.digamo.uy\/index.php\/wp-json\/wp\/v2\/media?parent=6571"}],"wp:term":[{"taxonomy":"product_cat","embeddable":true,"href":"https:\/\/www.digamo.uy\/index.php\/wp-json\/wp\/v2\/product_cat?post=6571"},{"taxonomy":"product_tag","embeddable":true,"href":"https:\/\/www.digamo.uy\/index.php\/wp-json\/wp\/v2\/product_tag?post=6571"}],"curies":[{"name":"wp","href":"https:\/\/api.w.org\/{rel}","templated":true}]}}