{"id":6668,"date":"2023-07-05T05:31:22","date_gmt":"2023-07-05T08:31:22","guid":{"rendered":"https:\/\/www.digamo.uy\/index.php\/producto\/producto\/"},"modified":"2024-08-15T16:30:12","modified_gmt":"2024-08-15T19:30:12","slug":"drone-quadrone-pocket-cam-ninco-rc","status":"publish","type":"product","link":"https:\/\/www.digamo.uy\/index.php\/producto\/drone-quadrone-pocket-cam-ninco-rc\/","title":{"rendered":"Drone &#8211; Quadrone Pocket Cam &#8211; Ninco Rc"},"content":{"rendered":"<p>Drone &#8211; Quadrone Pocket Cam &#8211; NINCO RC (NH90102)<\/p>\n<p>El Nincoair Pocket Cam es un microdrone de 4 canales equipado con una c\u00e1mara de 0,3 con la que podr\u00e1s realizar fotos y videos con una resoluci\u00f3n de 640&#215;480 a 30FPS. <\/p>\n<p>Su reducido tama\u00f1o y velocidad lo convierten en un dron muy escurridizo y divertido. <\/p>\n<p>Est\u00e1 recomendado para pilotos intermedios. <\/p>\n<p>Est\u00e1 dise\u00f1ado para poder realizar acrobacias de 360\u00ba en espacio reducidos. Dispone de luces de orientaci\u00f3n para poder volarlo en la oscuridad y tiene un rango de alcance de m\u00e1s de 30 metros. <\/p>\n<p>\u00a1Adem\u00e1s el dron se puede guardar en el mando! <\/p>\n<p>Podr\u00e1s llevarlo a cualquier lado y volarlo en cualquier rinc\u00f3n (tanto en interior como en exterior). <\/p>\n<p>El dron funciona con una bater\u00eda Li-Po incluida. <\/p>\n<p>El mando funciona con 3 pilas AAA LR03 NO incluidas. Incluye cargador USB, tarjeta micro SD de 2GB, adaptador a USB para descargar im\u00e1genes y h\u00e9lices de recambio.<\/p>\n<p>Mejor mec\u00e1nico y nuevo sistema de coronas y piniones para evitar que los motores da\u00f1en f\u00e1cilmente.<\/p>\n<p>Tecnolog\u00eda avanzada con ioc (modo sin cabeza) y bot\u00f3n trasero.<\/p>\n<p>Los productos han sido construidos teniendo en cuenta la seguridad, calidad y sostenibilidad.<\/p>\n<p>Fabricado en Espa\u00f1a<\/p>\n","protected":false},"excerpt":{"rendered":"<p>Drone &#8211; Quadrone Pocket Cam &#8211; NINCO RC (NH90102) El Nincoair Pocket Cam es un microdrone de 4 canales equipado con una c\u00e1mara de 0,3 con la que podr\u00e1s realizar fotos y videos con una resoluci\u00f3n de 640&#215;480 a 30FPS. Su reducido tama\u00f1o y velocidad lo convierten en un dron [&hellip;]<\/p>\n","protected":false},"featured_media":20915,"comment_status":"open","ping_status":"closed","template":"","meta":[],"product_cat":[321,322,323],"product_tag":[],"class_list":{"0":"post-6668","1":"product","2":"type-product","3":"status-publish","4":"has-post-thumbnail","6":"product_cat-drones","7":"product_cat-drones-y-accesorios","8":"product_cat-electr-nica-audio-y-video","10":"first","11":"outofstock","12":"shipping-taxable","13":"purchasable","14":"product-type-variable"},"_links":{"self":[{"href":"https:\/\/www.digamo.uy\/index.php\/wp-json\/wp\/v2\/product\/6668","targetHints":{"allow":["GET"]}}],"collection":[{"href":"https:\/\/www.digamo.uy\/index.php\/wp-json\/wp\/v2\/product"}],"about":[{"href":"https:\/\/www.digamo.uy\/index.php\/wp-json\/wp\/v2\/types\/product"}],"replies":[{"embeddable":true,"href":"https:\/\/www.digamo.uy\/index.php\/wp-json\/wp\/v2\/comments?post=6668"}],"wp:featuredmedia":[{"embeddable":true,"href":"https:\/\/www.digamo.uy\/index.php\/wp-json\/wp\/v2\/media\/20915"}],"wp:attachment":[{"href":"https:\/\/www.digamo.uy\/index.php\/wp-json\/wp\/v2\/media?parent=6668"}],"wp:term":[{"taxonomy":"product_cat","embeddable":true,"href":"https:\/\/www.digamo.uy\/index.php\/wp-json\/wp\/v2\/product_cat?post=6668"},{"taxonomy":"product_tag","embeddable":true,"href":"https:\/\/www.digamo.uy\/index.php\/wp-json\/wp\/v2\/product_tag?post=6668"}],"curies":[{"name":"wp","href":"https:\/\/api.w.org\/{rel}","templated":true}]}}