{"id":6673,"date":"2023-07-05T05:31:28","date_gmt":"2023-07-05T08:31:28","guid":{"rendered":"https:\/\/www.digamo.uy\/index.php\/producto\/producto\/"},"modified":"2024-08-15T16:31:01","modified_gmt":"2024-08-15T19:31:01","slug":"drone-stratus-wifi-gps-ninco-rc","status":"publish","type":"product","link":"https:\/\/www.digamo.uy\/index.php\/producto\/drone-stratus-wifi-gps-ninco-rc\/","title":{"rendered":"Drone &#8211; Stratus Wifi Gps &#8211; Ninco Rc"},"content":{"rendered":"<p>Drone &#8211; Stratus WiFi GPS &#8211; Ninco Rc (NH90120)<\/p>\n<p>Dron equipado con GPS y c\u00e1mara HD con conexi\u00f3n Wifi para transmitir en directo las im\u00e1genes y grabaciones a cualquier dispositivo m\u00f3vil Android o IOs. Rotores de gran tama\u00f1o para poder volar con una Sports CAM.<\/p>\n<p>El Stratus Wifi GPS combina el dise\u00f1o m\u00e1s elegante con las mejores prestaciones y adem\u00e1s equipa c\u00e1mara HD para aquellos que quieren realizar incre\u00edbles fotos y videos con una resoluci\u00f3n de alta definici\u00f3n de 1280&#215;720 y 30fps. <\/p>\n<p>Adem\u00e1s gracias a su conexi\u00f3n Wifi podr\u00e1s visualizar tus fotos y videos en tiempo real en tu dispositivo m\u00f3vil Android o IOs.<\/p>\n<p>Con su tama\u00f1o de 62&#215;62 cm el Stratus Wifi un quadrone para pilotos avanzados que buscan la mayor estabilidad en el exterior y el mayor alcance gracias a su gran tama\u00f1o, tecnolog\u00eda Wifi y sus grandes rotores capaces de levantar una Sport CAM sin problemas, incluye soporte para Sports Cam Standard.<\/p>\n<p>El gir\u00f3scopo de 6 ejes que act\u00faa de estabilizador electr\u00f3nico con una precisi\u00f3n de vuelo \u00fanicamente comparable a la de un equipo profesional. <\/p>\n<p>A los 4 canales que incorpora el Stratus Wifi GPS debemos a\u00f1adirle la tecnolog\u00eda Hold Altitude que que facilita todav\u00eda m\u00e1s el sistema de vuelo para todo tipo de pilotos con un sensor barom\u00e9trico incorporado que permite fijar nuestro dron en una altura determinada.<br \/>\nEl Hold Altitude tambi\u00e9n te permite realizar mejores videos y fotos.<\/p>\n<p>La emisora de radio control es de tecnolog\u00eda digital de 2,4 GHz que permite el vuelo libre de interferencias. En el mismo espacio pueden volar hasta 40 drones simult\u00e1neamente usando la misma tecnolog\u00eda. El alcance (distancia entre emisora y quadrone) es de hasta 80m. <\/p>\n<p>Visualizaci\u00f3n en tiempo real de tus grabaciones<br \/>\nGPS<br \/>\nHold Altitude<br \/>\nConectado a tu (m\u00f3vil\/tablet) a trav\u00e9s de WIFI<br \/>\nRealiza foto y videos en HD<br \/>\nMicro SD 4GB con adaptador USB<br \/>\nResoluci\u00f3n de v\u00eddeo 1280&#215;720 30 fps<br \/>\nResoluci\u00f3n de foto 2560&#215;1440 px<br \/>\nEquipa luces de vuelo<br \/>\n4 canales y tecnolog\u00eda 2.4GHz<br \/>\n6 ejes(estabilizador electr\u00f3nico)<br \/>\nM\u00e1s de 80 metros de rango<br \/>\nDimensiones: 62 x 62 cm<br \/>\nH\u00e9lices y rotores protegidos<br \/>\nBater\u00eda Li-Po 7,4V 2000mAh<br \/>\nIncluye cargador y h\u00e9lices de recambio<\/p>\n<p>IMPORTANTE &#8211; CONSULTAR STOCK ANTES DE CONFIRMAR SU COMPRA<\/p>\n","protected":false},"excerpt":{"rendered":"<p>Drone &#8211; Stratus WiFi GPS &#8211; Ninco Rc (NH90120) Dron equipado con GPS y c\u00e1mara HD con conexi\u00f3n Wifi para transmitir en directo las im\u00e1genes y grabaciones a cualquier dispositivo m\u00f3vil Android o IOs. Rotores de gran tama\u00f1o para poder volar con una Sports CAM. El Stratus Wifi GPS combina [&hellip;]<\/p>\n","protected":false},"featured_media":20930,"comment_status":"open","ping_status":"closed","template":"","meta":[],"product_cat":[321,322,323],"product_tag":[],"class_list":{"0":"post-6673","1":"product","2":"type-product","3":"status-publish","4":"has-post-thumbnail","6":"product_cat-drones","7":"product_cat-drones-y-accesorios","8":"product_cat-electr-nica-audio-y-video","10":"first","11":"outofstock","12":"shipping-taxable","13":"purchasable","14":"product-type-variable"},"_links":{"self":[{"href":"https:\/\/www.digamo.uy\/index.php\/wp-json\/wp\/v2\/product\/6673","targetHints":{"allow":["GET"]}}],"collection":[{"href":"https:\/\/www.digamo.uy\/index.php\/wp-json\/wp\/v2\/product"}],"about":[{"href":"https:\/\/www.digamo.uy\/index.php\/wp-json\/wp\/v2\/types\/product"}],"replies":[{"embeddable":true,"href":"https:\/\/www.digamo.uy\/index.php\/wp-json\/wp\/v2\/comments?post=6673"}],"wp:featuredmedia":[{"embeddable":true,"href":"https:\/\/www.digamo.uy\/index.php\/wp-json\/wp\/v2\/media\/20930"}],"wp:attachment":[{"href":"https:\/\/www.digamo.uy\/index.php\/wp-json\/wp\/v2\/media?parent=6673"}],"wp:term":[{"taxonomy":"product_cat","embeddable":true,"href":"https:\/\/www.digamo.uy\/index.php\/wp-json\/wp\/v2\/product_cat?post=6673"},{"taxonomy":"product_tag","embeddable":true,"href":"https:\/\/www.digamo.uy\/index.php\/wp-json\/wp\/v2\/product_tag?post=6673"}],"curies":[{"name":"wp","href":"https:\/\/api.w.org\/{rel}","templated":true}]}}