{"id":6713,"date":"2023-07-05T05:31:50","date_gmt":"2023-07-05T08:31:50","guid":{"rendered":"https:\/\/www.digamo.uy\/index.php\/producto\/producto\/"},"modified":"2024-08-15T16:32:22","modified_gmt":"2024-08-15T19:32:22","slug":"drone-quadrone-spike-2-baterias-ninco-rc","status":"publish","type":"product","link":"https:\/\/www.digamo.uy\/index.php\/producto\/drone-quadrone-spike-2-baterias-ninco-rc\/","title":{"rendered":"Drone &#8211; Quadrone Spike (2 Baterias) &#8211; Ninco Rc"},"content":{"rendered":"<p>Drone &#8211; Quadrone Spike (2 baterias) &#8211; Ninco Rc (NH90128)<\/p>\n<p>Drone equipado con sensor barom\u00e9trico que mantiene la altura fija de forma autom\u00e1tica y facilita su pilotaje. Incorpora doble bater\u00eda para una mayor autonom\u00eda.<br \/>\nNunca volar fue tan f\u00e1cil!<\/p>\n<p>Incorpora doble bater\u00eda para mayor autonom\u00eda de vuelo<\/p>\n<p>Bater\u00edas de Li-po de 3,7v y 380mAh<\/p>\n<p>Medidas producto: 320x320x70mm<\/p>\n<p>2,4Ghz<br \/>\nLas emisoras de radio control se han generalizado en la emisi\u00f3n de la frecuencia 2,4Ghz , que utilizan m\u00faltiples frecuencias bajo un orden estipulado. Dicha frecuencia funciona totalmente diferente a las antiguas que utilizaban un cristal con una frecuencia fija , estas m\u00e1s modernas emiten en una banda m\u00e1s ancha llamada DSS ( Distribuci\u00f3n din\u00e1mica de espectro ) La particularidad de DSS es que no transmite en una sola frecuencia, sino que utiliza m\u00faltiples frecuencias de una forma controlada.<br \/>\nLa particularidad de DSS es que no transmite en una sola frecuencia, sino que utiliza m\u00faltiples frecuencias de una forma controlada<\/p>\n<p>Auto Retorno<br \/>\nConocido tambi\u00e9n com Auto Return, Go Home, Vuelta a casa. Bot\u00f3n de ayuda, una vez con el Drone en vuelo, en caso de perder el control del Drone, apretarlo r\u00e1pidamente y el aparato empezar\u00e1 a volar hacia atr\u00e1s hasta que el piloto toque cualquiera de los dos sticks, entonces se desactiva autom\u00e1ticamente este modo y el Drone vuelve a ser controlado desde la emisora normalmente. En ning\u00fan caso aterrizar\u00e1 solo ni volver\u00e1 al lugar del despegue de forma autom\u00e1tica.<\/p>\n<p>WiFi<br \/>\nTambi\u00e9n llamado First Person View, permite visualizar en tiempo real las im\u00e1genes que est\u00e1 viendo la c\u00e1mara del Drone a trav\u00e9s de tu Smartphone o tablet. Puedes grabar videos desde tu dispositivo en la Micro SD de la c\u00e1mara, o en tu mismo Smartphone. Tambi\u00e9n permite hacer fotos. El alcance de este sistema, est\u00e1 limitado al radio de efectividad del sistema Wifi del dispositivo usado, y depende del lugar puede oscilar entre 20 y 80 metros<\/p>\n","protected":false},"excerpt":{"rendered":"<p>Drone &#8211; Quadrone Spike (2 baterias) &#8211; Ninco Rc (NH90128) Drone equipado con sensor barom\u00e9trico que mantiene la altura fija de forma autom\u00e1tica y facilita su pilotaje. Incorpora doble bater\u00eda para una mayor autonom\u00eda. Nunca volar fue tan f\u00e1cil! Incorpora doble bater\u00eda para mayor autonom\u00eda de vuelo Bater\u00edas de Li-po [&hellip;]<\/p>\n","protected":false},"featured_media":20970,"comment_status":"open","ping_status":"closed","template":"","meta":[],"product_cat":[321,322,323],"product_tag":[],"class_list":{"0":"post-6713","1":"product","2":"type-product","3":"status-publish","4":"has-post-thumbnail","6":"product_cat-drones","7":"product_cat-drones-y-accesorios","8":"product_cat-electr-nica-audio-y-video","10":"first","11":"outofstock","12":"shipping-taxable","13":"purchasable","14":"product-type-variable"},"_links":{"self":[{"href":"https:\/\/www.digamo.uy\/index.php\/wp-json\/wp\/v2\/product\/6713","targetHints":{"allow":["GET"]}}],"collection":[{"href":"https:\/\/www.digamo.uy\/index.php\/wp-json\/wp\/v2\/product"}],"about":[{"href":"https:\/\/www.digamo.uy\/index.php\/wp-json\/wp\/v2\/types\/product"}],"replies":[{"embeddable":true,"href":"https:\/\/www.digamo.uy\/index.php\/wp-json\/wp\/v2\/comments?post=6713"}],"wp:featuredmedia":[{"embeddable":true,"href":"https:\/\/www.digamo.uy\/index.php\/wp-json\/wp\/v2\/media\/20970"}],"wp:attachment":[{"href":"https:\/\/www.digamo.uy\/index.php\/wp-json\/wp\/v2\/media?parent=6713"}],"wp:term":[{"taxonomy":"product_cat","embeddable":true,"href":"https:\/\/www.digamo.uy\/index.php\/wp-json\/wp\/v2\/product_cat?post=6713"},{"taxonomy":"product_tag","embeddable":true,"href":"https:\/\/www.digamo.uy\/index.php\/wp-json\/wp\/v2\/product_tag?post=6713"}],"curies":[{"name":"wp","href":"https:\/\/api.w.org\/{rel}","templated":true}]}}