{"id":6719,"date":"2023-07-05T05:31:53","date_gmt":"2023-07-05T08:31:53","guid":{"rendered":"https:\/\/www.digamo.uy\/index.php\/producto\/producto\/"},"modified":"2024-08-15T16:32:40","modified_gmt":"2024-08-15T19:32:40","slug":"drone-nincoair-piw-ninco-rc","status":"publish","type":"product","link":"https:\/\/www.digamo.uy\/index.php\/producto\/drone-nincoair-piw-ninco-rc\/","title":{"rendered":"Drone &#8211; Nincoair Piw &#8211; Ninco Rc"},"content":{"rendered":"<p>Drone &#8211; NincoAir PIW &#8211; Ninco Rc (NH90132)<\/p>\n<p>Drone de primer precio con h\u00e9lices cuatripala protegidas. 2 Velocidades. Hace Loopings. Con luces<\/p>\n<p>Drone de primer precio con h\u00e9lices cuatripala protegidas. M\u00e1xima eficiencia aerodin\u00e1mica.<\/p>\n<p>Con dos velocidades para adaptarse a tu forma de pilotaje.<\/p>\n<p>Hace loopings con s\u00f3lo pulsar un bot\u00f3n.<\/p>\n<p>Lleva luces de vuelo. <\/p>\n<p>Especificaciones t\u00e9cnicas:<\/p>\n<p>Drone con h\u00e9lices cuatripalas<br \/>\nBater\u00eda Li-Po 3,7V 150mAh<br \/>\n4 canales y tecnolog\u00eda 2.4GHz<br \/>\nIncluye cargador USB<br \/>\nRequiere 2 pilas AA para emisora<br \/>\nRotores protegidos<br \/>\nProduct size 8,5&#215;8,5&#215;2,5<br \/>\nBox size 27x18x7<br \/>\nOuter size 0,0216<\/p>\n<p>+8 A\u00f1os<\/p>\n<p>2,4Ghz<br \/>\nLas emisoras de radio control se han generalizado en la emisi\u00f3n de la frecuencia 2,4Ghz , que utilizan m\u00faltiples frecuencias bajo un orden estipulado. Dicha frecuencia funciona totalmente diferente a las antiguas que utilizaban un cristal con una frecuencia fija , estas m\u00e1s modernas emiten en una banda m\u00e1s ancha llamada DSS ( Distribuci\u00f3n din\u00e1mica de espectro ) La particularidad de DSS es que no transmite en una sola frecuencia, sino que utiliza m\u00faltiples frecuencias de una forma controlada.<br \/>\nLa particularidad de DSS es que no transmite en una sola frecuencia, sino que utiliza m\u00faltiples frecuencias de una forma controlada<\/p>\n","protected":false},"excerpt":{"rendered":"<p>Drone &#8211; NincoAir PIW &#8211; Ninco Rc (NH90132) Drone de primer precio con h\u00e9lices cuatripala protegidas. 2 Velocidades. Hace Loopings. Con luces Drone de primer precio con h\u00e9lices cuatripala protegidas. M\u00e1xima eficiencia aerodin\u00e1mica. Con dos velocidades para adaptarse a tu forma de pilotaje. Hace loopings con s\u00f3lo pulsar un bot\u00f3n. [&hellip;]<\/p>\n","protected":false},"featured_media":20976,"comment_status":"open","ping_status":"closed","template":"","meta":[],"product_cat":[321,322,323],"product_tag":[],"class_list":{"0":"post-6719","1":"product","2":"type-product","3":"status-publish","4":"has-post-thumbnail","6":"product_cat-drones","7":"product_cat-drones-y-accesorios","8":"product_cat-electr-nica-audio-y-video","10":"first","11":"outofstock","12":"shipping-taxable","13":"purchasable","14":"product-type-variable"},"_links":{"self":[{"href":"https:\/\/www.digamo.uy\/index.php\/wp-json\/wp\/v2\/product\/6719","targetHints":{"allow":["GET"]}}],"collection":[{"href":"https:\/\/www.digamo.uy\/index.php\/wp-json\/wp\/v2\/product"}],"about":[{"href":"https:\/\/www.digamo.uy\/index.php\/wp-json\/wp\/v2\/types\/product"}],"replies":[{"embeddable":true,"href":"https:\/\/www.digamo.uy\/index.php\/wp-json\/wp\/v2\/comments?post=6719"}],"wp:featuredmedia":[{"embeddable":true,"href":"https:\/\/www.digamo.uy\/index.php\/wp-json\/wp\/v2\/media\/20976"}],"wp:attachment":[{"href":"https:\/\/www.digamo.uy\/index.php\/wp-json\/wp\/v2\/media?parent=6719"}],"wp:term":[{"taxonomy":"product_cat","embeddable":true,"href":"https:\/\/www.digamo.uy\/index.php\/wp-json\/wp\/v2\/product_cat?post=6719"},{"taxonomy":"product_tag","embeddable":true,"href":"https:\/\/www.digamo.uy\/index.php\/wp-json\/wp\/v2\/product_tag?post=6719"}],"curies":[{"name":"wp","href":"https:\/\/api.w.org\/{rel}","templated":true}]}}