{"id":6727,"date":"2023-07-05T05:31:59","date_gmt":"2023-07-05T08:31:59","guid":{"rendered":"https:\/\/www.digamo.uy\/index.php\/producto\/producto\/"},"modified":"2024-08-15T16:33:06","modified_gmt":"2024-08-15T19:33:06","slug":"drone-nincoair-stratus-ninco-rc","status":"publish","type":"product","link":"https:\/\/www.digamo.uy\/index.php\/producto\/drone-nincoair-stratus-ninco-rc\/","title":{"rendered":"Drone &#8211; Nincoair Stratus &#8211; Ninco Rc"},"content":{"rendered":"<p>Drone &#8211; NincoAir Stratus &#8211; Ninco Rc (NH90111)<\/p>\n<p>Incre\u00edble quadrone de 4 canales para exteriores. <\/p>\n<p>Tiene un tama\u00f1o de 62&#215;62 cm y gracias a sus grandes rotores es capaz de levantar una Sport CAM sin problemas. <\/p>\n<p>Funciona con un mando de 2,4Ghz que tiene un rango de alcance de m\u00e1s de 80 metros. <\/p>\n<p>Est\u00e1 equipado con un gir\u00f3scopo de 6 ejes que act\u00faa de estabilizador electr\u00f3nico. Es decir, podr\u00e1s lanzar tu dron al aire y despegar antes de que caiga al suelo. <\/p>\n<p>Tambi\u00e9n incorpora un sensor barom\u00e9trico que permite fijar el dron a una altura determinada (funci\u00f3n Hold Altitude). <\/p>\n<p>De este modo conseguir\u00e1s fotos y videos m\u00e1s estables y n\u00edtidos. <\/p>\n<p>Adem\u00e1s est\u00e1 equipado con luces y lleva protecciones para las h\u00e9lices y los rotores. <\/p>\n<p>El dron funciona con una bater\u00eda Li-Po 2000mAh 7,4 V (bater\u00eda y cargador incluidos). El mando funciona con 6 pilas AAL R06 (NO incluidas).<\/p>\n","protected":false},"excerpt":{"rendered":"<p>Drone &#8211; NincoAir Stratus &#8211; Ninco Rc (NH90111) Incre\u00edble quadrone de 4 canales para exteriores. Tiene un tama\u00f1o de 62&#215;62 cm y gracias a sus grandes rotores es capaz de levantar una Sport CAM sin problemas. Funciona con un mando de 2,4Ghz que tiene un rango de alcance de m\u00e1s [&hellip;]<\/p>\n","protected":false},"featured_media":20993,"comment_status":"open","ping_status":"closed","template":"","meta":[],"product_cat":[321,322,323],"product_tag":[],"class_list":{"0":"post-6727","1":"product","2":"type-product","3":"status-publish","4":"has-post-thumbnail","6":"product_cat-drones","7":"product_cat-drones-y-accesorios","8":"product_cat-electr-nica-audio-y-video","10":"first","11":"outofstock","12":"shipping-taxable","13":"purchasable","14":"product-type-variable"},"_links":{"self":[{"href":"https:\/\/www.digamo.uy\/index.php\/wp-json\/wp\/v2\/product\/6727","targetHints":{"allow":["GET"]}}],"collection":[{"href":"https:\/\/www.digamo.uy\/index.php\/wp-json\/wp\/v2\/product"}],"about":[{"href":"https:\/\/www.digamo.uy\/index.php\/wp-json\/wp\/v2\/types\/product"}],"replies":[{"embeddable":true,"href":"https:\/\/www.digamo.uy\/index.php\/wp-json\/wp\/v2\/comments?post=6727"}],"wp:featuredmedia":[{"embeddable":true,"href":"https:\/\/www.digamo.uy\/index.php\/wp-json\/wp\/v2\/media\/20993"}],"wp:attachment":[{"href":"https:\/\/www.digamo.uy\/index.php\/wp-json\/wp\/v2\/media?parent=6727"}],"wp:term":[{"taxonomy":"product_cat","embeddable":true,"href":"https:\/\/www.digamo.uy\/index.php\/wp-json\/wp\/v2\/product_cat?post=6727"},{"taxonomy":"product_tag","embeddable":true,"href":"https:\/\/www.digamo.uy\/index.php\/wp-json\/wp\/v2\/product_tag?post=6727"}],"curies":[{"name":"wp","href":"https:\/\/api.w.org\/{rel}","templated":true}]}}