{"id":6740,"date":"2023-07-05T05:32:08","date_gmt":"2023-07-05T08:32:08","guid":{"rendered":"https:\/\/www.digamo.uy\/index.php\/producto\/producto\/"},"modified":"2024-08-15T16:33:48","modified_gmt":"2024-08-15T19:33:48","slug":"drone-nincoair-ovni-drone-ninco-rc","status":"publish","type":"product","link":"https:\/\/www.digamo.uy\/index.php\/producto\/drone-nincoair-ovni-drone-ninco-rc\/","title":{"rendered":"Drone &#8211; Nincoair Ovni Drone &#8211; Ninco Rc"},"content":{"rendered":"<p>Drone &#8211; NincoAir Ovni drone &#8211; Ninco Rc (NH90104)<\/p>\n<p>El Ovni es el mejor drone para principiantes. <\/p>\n<p>El chasis en forma de platillo volante lo protege de impactos contra techo y paredes y lo convierten en un drone apropiado para los m\u00e1s peque\u00f1os de la casa. <\/p>\n<p>Incorpora tres niveles de velocidad.<\/p>\n<p>Drone totalmente protegido<\/p>\n<p>Equipo de radio 2.4Ghz<\/p>\n<p>Flips en todas las direcciones<\/p>\n<p>El revolucionario chasis en forma de platillo volante lo protege de impactos contra techo y paredes y lo convierten en un drone apropiado para los m\u00e1s peque\u00f1os de la casa. El Ovni drone incorpora adem\u00e1s tres niveles de velocidad para diferentes tipos de usuarios. Realiza flips incre\u00edbles en espacios muy reducidos y vu\u00e9lalo en cualquier rinc\u00f3n. <\/p>\n<p>Los protectores de las h\u00e9lices mejoran la seguridad de tu Ovni drone. Ll\u00e9vatelo a d\u00f3nde quieras gracias a su peque\u00f1o tama\u00f1o. Tecnolog\u00eda 2,4Ghz para mayor alcance y opci\u00f3n multijugador sin interferencias. Juega con m\u00e1s de 40 amigos al mismo tiempo con canales de frecuencia totalmente independientes. <\/p>\n<p>El Ovni drone puede realizar acrobacias de 360o en todas las direcciones en espacios reducidos. Movimiento de 4 canales (arriba\/abajo, derecha\/izquierda, delante\/atr\u00e1s y alabeos a los costados). Incorpora luces delanteras y traseras para poder volarlo en la oscuridad. <\/p>\n<p>Incluye bater\u00eda eficiente de Li-Po de 150 miliamperios y 3,7 voltios. C\u00e1rgalo en tu ordenador o en tu transformador con puerto USB. La emisora funciona con 2 pilas AAA. <\/p>\n<p>Sus dimensiones (7,5cm x 7,5cm x 4cm de alto) lo hacen apto para interior. Incluye palas de recambio. Recuerda que cada h\u00e9lice tiene su sitio y debes respetar su posici\u00f3n. <\/p>\n<p>Uso interior\/ exterior<br \/>\nTres velocidades<br \/>\n4 canales y tecnolog\u00eda 2.4GHz<br \/>\nM\u00e1s de 30m de rango<br \/>\nDimensiones 7,5&#215;7,5cm<br \/>\nRotores protegidos<br \/>\nPermite acrobacias de 360\u00ba<br \/>\nLuces frontales y traseras<br \/>\nIncluye cargador USB + palas de recambios<br \/>\nBater\u00eda Li-Po 3,7V 150mAh<\/p>\n<p>2,4Ghz<br \/>\nLas emisoras de radio control se han generalizado en la emisi\u00f3n de la frecuencia 2,4Ghz , que utilizan m\u00faltiples frecuencias bajo un orden estipulado. Dicha frecuencia funciona totalmente diferente a las antiguas que utilizaban un cristal con una frecuencia fija , estas m\u00e1s modernas emiten en una banda m\u00e1s ancha llamada DSS ( Distribuci\u00f3n din\u00e1mica de espectro ) La particularidad de DSS es que no transmite en una sola frecuencia, sino que utiliza m\u00faltiples frecuencias de una forma controlada .<\/p>\n<p>LI-PO BATTERY<br \/>\nBater\u00eda de pol\u00edmero de litio, son bater\u00edas recargables. Compuestas generalmente de varias c\u00e9lulas secundarias id\u00e9nticas en paralelo para aumentar la capacidad de la corriente de descarga, y normalmente est\u00e1n disponibles en serie de \u00abpacks\u00bb para aumentar el voltaje total disponible. Un elemento de Li-Po tiene un voltaje nominal, cargado, de 3.7 V. Nunca se debe descargar una bater\u00eda por debajo de 3.0 V por elemento. Se recomienda cargas lentas para mayor ciclo de vida, para bater\u00edas de m\u00e1s de un elemento es necesario un cargador balanceador. En caso de no utilizarlas en un periodo de tiempo, es necesario dejarlas cargadas sobre el 75% de su capacidad.<\/p>\n<p>4 CANALES<br \/>\nMovimientos b\u00e1sicos de un Drone equipado con vuelos laterales. La emisora lleva dos sticks o mandos de control, el lado izquierdo controla la altura del Drone y permite controlar la rotaci\u00f3n del mismo. Con el lado derecho, se controla el avance y retroceso, as\u00ed como las traslaciones o vuelos laterales del mismo. Con estos 4 movimientos, permite hacer diagonales en 360\u00ba, ya que todos estos movimientos se pueden mezclar entre ellos.<\/p>\n<p>DUAL RATE<br \/>\nDual Rate es la funci\u00f3n de Punto l\u00edmite o Fin de recorrido en nuestra emisora digital. Puede actuar sobre uno de los canales o sobre varios a la vez. Permite fijar en el caso de los coches de radio control el l\u00edmite de giro y la velocidad en la direcci\u00f3n. En el caso de los helic\u00f3pteros o drones, equivale a diferentes velocidades en todos sus canales.<\/p>\n","protected":false},"excerpt":{"rendered":"<p>Drone &#8211; NincoAir Ovni drone &#8211; Ninco Rc (NH90104) El Ovni es el mejor drone para principiantes. El chasis en forma de platillo volante lo protege de impactos contra techo y paredes y lo convierten en un drone apropiado para los m\u00e1s peque\u00f1os de la casa. Incorpora tres niveles de [&hellip;]<\/p>\n","protected":false},"featured_media":21006,"comment_status":"open","ping_status":"closed","template":"","meta":[],"product_cat":[321,322,323],"product_tag":[],"class_list":{"0":"post-6740","1":"product","2":"type-product","3":"status-publish","4":"has-post-thumbnail","6":"product_cat-drones","7":"product_cat-drones-y-accesorios","8":"product_cat-electr-nica-audio-y-video","10":"first","11":"outofstock","12":"shipping-taxable","13":"purchasable","14":"product-type-variable"},"_links":{"self":[{"href":"https:\/\/www.digamo.uy\/index.php\/wp-json\/wp\/v2\/product\/6740","targetHints":{"allow":["GET"]}}],"collection":[{"href":"https:\/\/www.digamo.uy\/index.php\/wp-json\/wp\/v2\/product"}],"about":[{"href":"https:\/\/www.digamo.uy\/index.php\/wp-json\/wp\/v2\/types\/product"}],"replies":[{"embeddable":true,"href":"https:\/\/www.digamo.uy\/index.php\/wp-json\/wp\/v2\/comments?post=6740"}],"wp:featuredmedia":[{"embeddable":true,"href":"https:\/\/www.digamo.uy\/index.php\/wp-json\/wp\/v2\/media\/21006"}],"wp:attachment":[{"href":"https:\/\/www.digamo.uy\/index.php\/wp-json\/wp\/v2\/media?parent=6740"}],"wp:term":[{"taxonomy":"product_cat","embeddable":true,"href":"https:\/\/www.digamo.uy\/index.php\/wp-json\/wp\/v2\/product_cat?post=6740"},{"taxonomy":"product_tag","embeddable":true,"href":"https:\/\/www.digamo.uy\/index.php\/wp-json\/wp\/v2\/product_tag?post=6740"}],"curies":[{"name":"wp","href":"https:\/\/api.w.org\/{rel}","templated":true}]}}