{"id":7613,"date":"2023-07-05T05:41:54","date_gmt":"2023-07-05T08:41:54","guid":{"rendered":"https:\/\/www.digamo.uy\/index.php\/producto\/producto-2\/"},"modified":"2024-08-15T17:06:16","modified_gmt":"2024-08-15T20:06:16","slug":"barra-entrenadora-luna-para-cuna-taf-toys","status":"publish","type":"product","link":"https:\/\/www.digamo.uy\/index.php\/producto\/barra-entrenadora-luna-para-cuna-taf-toys\/","title":{"rendered":"Barra Entrenadora Luna Para Cuna &#8211; Taf Toys"},"content":{"rendered":"<p>Barra Entrenadora Luna para cuna &#8211; Taf toys (T12365)<\/p>\n<p>La compa\u00f1\u00eda perfecta para su beb\u00e9 en la cuna<\/p>\n","protected":false},"excerpt":{"rendered":"<p>Barra Entrenadora Luna para cuna &#8211; Taf toys (T12365) La compa\u00f1\u00eda perfecta para su beb\u00e9 en la cuna<\/p>\n","protected":false},"featured_media":21819,"comment_status":"open","ping_status":"closed","template":"","meta":[],"product_cat":[21,52,51],"product_tag":[],"class_list":{"0":"post-7613","1":"product","2":"type-product","3":"status-publish","4":"has-post-thumbnail","6":"product_cat-beb-s","7":"product_cat-juegos-y-juguetes-para-beb-s","8":"product_cat-m-viles-para-cunas","10":"first","11":"instock","12":"shipping-taxable","13":"purchasable","14":"product-type-simple"},"_links":{"self":[{"href":"https:\/\/www.digamo.uy\/index.php\/wp-json\/wp\/v2\/product\/7613","targetHints":{"allow":["GET"]}}],"collection":[{"href":"https:\/\/www.digamo.uy\/index.php\/wp-json\/wp\/v2\/product"}],"about":[{"href":"https:\/\/www.digamo.uy\/index.php\/wp-json\/wp\/v2\/types\/product"}],"replies":[{"embeddable":true,"href":"https:\/\/www.digamo.uy\/index.php\/wp-json\/wp\/v2\/comments?post=7613"}],"wp:featuredmedia":[{"embeddable":true,"href":"https:\/\/www.digamo.uy\/index.php\/wp-json\/wp\/v2\/media\/21819"}],"wp:attachment":[{"href":"https:\/\/www.digamo.uy\/index.php\/wp-json\/wp\/v2\/media?parent=7613"}],"wp:term":[{"taxonomy":"product_cat","embeddable":true,"href":"https:\/\/www.digamo.uy\/index.php\/wp-json\/wp\/v2\/product_cat?post=7613"},{"taxonomy":"product_tag","embeddable":true,"href":"https:\/\/www.digamo.uy\/index.php\/wp-json\/wp\/v2\/product_tag?post=7613"}],"curies":[{"name":"wp","href":"https:\/\/api.w.org\/{rel}","templated":true}]}}