{"id":7737,"date":"2023-07-05T05:43:10","date_gmt":"2023-07-05T08:43:10","guid":{"rendered":"https:\/\/www.digamo.uy\/index.php\/producto\/producto\/"},"modified":"2024-08-15T17:09:07","modified_gmt":"2024-08-15T20:09:07","slug":"booster-silla-de-auto-savile-ajustable-infanti","status":"publish","type":"product","link":"https:\/\/www.digamo.uy\/index.php\/producto\/booster-silla-de-auto-savile-ajustable-infanti\/","title":{"rendered":"Booster Silla De Auto &#8211; Savile Ajustable &#8211; Infanti"},"content":{"rendered":"<p>Booster &#8211; Savile Ajustable &#8211; Infanti (V7)<\/p>\n<p>Silla para ni\u00f1os desde 9 a 36 kg.<br \/>\n\u00d3ptima protecci\u00f3n contra impactos laterales. Mantiene la cabeza, cuello y espalda alineado para minimizar lesiones.<br \/>\nFijaci\u00f3n con el cintur\u00f3n de seguridad del auto.<br \/>\nEl apoya cabeza y las partes laterales de protecci\u00f3n se mueven simult\u00e1neamente acompa\u00f1ando el crecimiento de tu beb\u00e9.<br \/>\nArn\u00e9s de seguridad de 5 puntas.<\/p>\n<p>Caracter\u00edsticas:<br \/>\n&#8211; Peso recomendado del ni\u00f1o de 9 a 36 kg.<br \/>\n&#8211; Edad recomendada entre 9 meses y 12 a\u00f1os.<br \/>\n&#8211; Arn\u00e9s de 5 puntas.<br \/>\n&#8211; Protector de hombros y pelvis.<br \/>\n&#8211; Reductores laterales desmontables.<br \/>\n&#8211; Funda acolchonada doble.<br \/>\n&#8211; Apoyacabeza.<br \/>\n&#8211; Multi posiciones de reclinado.<br \/>\n&#8211; Se separa el asiento del respaldo, para convertirse en booster (solo de asiento).<br \/>\n&#8211; Tela de suave textura y lavable.<br \/>\n&#8211; Clip de fijaci\u00f3n para cintur\u00f3n del auto.<br \/>\n&#8211; F\u00e1cil de colocar en el veh\u00edculo.<br \/>\n&#8211; Uso con cintur\u00f3n del auto de 9 a 15 kg aprox.<br \/>\n&#8211; Uso solo alzador de 25 a 36 kg aprox.<\/p>\n<p>Especificaciones<br \/>\n&#8211; Peso de la silla 6 kg.<br \/>\n&#8211; Recomendado para ni\u00f1os de 9 a 36 kg.<br \/>\n&#8211; Grupo 1: peso 9 a 18 kg, de 9 meses a 4 a\u00f1os.<br \/>\n&#8211; Grupo 2: peso 15 a 25 kg, de 4 a 6 a\u00f1os.<br \/>\n&#8211; Grupo 3: peso 22 a 36 kg, de 6 a 11 a\u00f1os.<br \/>\n&#8211; Cumple con la ley N\u00ba 19.061.<\/p>\n<p>Colores disponibles: Azul \/ Rojo \/ Gris<\/p>\n","protected":false},"excerpt":{"rendered":"<p>Booster &#8211; Savile Ajustable &#8211; Infanti (V7) Silla para ni\u00f1os desde 9 a 36 kg. \u00d3ptima protecci\u00f3n contra impactos laterales. Mantiene la cabeza, cuello y espalda alineado para minimizar lesiones. Fijaci\u00f3n con el cintur\u00f3n de seguridad del auto. El apoya cabeza y las partes laterales de protecci\u00f3n se mueven simult\u00e1neamente [&hellip;]<\/p>\n","protected":false},"featured_media":21894,"comment_status":"open","ping_status":"closed","template":"","meta":[],"product_cat":[21,28,27],"product_tag":[],"class_list":{"0":"post-7737","1":"product","2":"type-product","3":"status-publish","4":"has-post-thumbnail","6":"product_cat-beb-s","7":"product_cat-paseo-del-beb","8":"product_cat-sillas-para-autos","10":"first","11":"outofstock","12":"shipping-taxable","13":"purchasable","14":"product-type-simple"},"_links":{"self":[{"href":"https:\/\/www.digamo.uy\/index.php\/wp-json\/wp\/v2\/product\/7737","targetHints":{"allow":["GET"]}}],"collection":[{"href":"https:\/\/www.digamo.uy\/index.php\/wp-json\/wp\/v2\/product"}],"about":[{"href":"https:\/\/www.digamo.uy\/index.php\/wp-json\/wp\/v2\/types\/product"}],"replies":[{"embeddable":true,"href":"https:\/\/www.digamo.uy\/index.php\/wp-json\/wp\/v2\/comments?post=7737"}],"wp:featuredmedia":[{"embeddable":true,"href":"https:\/\/www.digamo.uy\/index.php\/wp-json\/wp\/v2\/media\/21894"}],"wp:attachment":[{"href":"https:\/\/www.digamo.uy\/index.php\/wp-json\/wp\/v2\/media?parent=7737"}],"wp:term":[{"taxonomy":"product_cat","embeddable":true,"href":"https:\/\/www.digamo.uy\/index.php\/wp-json\/wp\/v2\/product_cat?post=7737"},{"taxonomy":"product_tag","embeddable":true,"href":"https:\/\/www.digamo.uy\/index.php\/wp-json\/wp\/v2\/product_tag?post=7737"}],"curies":[{"name":"wp","href":"https:\/\/api.w.org\/{rel}","templated":true}]}}