{"id":7779,"date":"2023-07-05T05:43:40","date_gmt":"2023-07-05T08:43:40","guid":{"rendered":"https:\/\/www.digamo.uy\/index.php\/producto\/producto\/"},"modified":"2024-08-15T17:10:43","modified_gmt":"2024-08-15T20:10:43","slug":"coche-de-paseo-reversi-infanti","status":"publish","type":"product","link":"https:\/\/www.digamo.uy\/index.php\/producto\/coche-de-paseo-reversi-infanti\/","title":{"rendered":"Coche De Paseo &#8211; Reversi &#8211; Infanti"},"content":{"rendered":"<p>Coche De Paseo &#8211; Reversi &#8211; Infanti (D968-IG9G)<\/p>\n<p>Caracteristicas:<br \/>\n-Apto desde el nacimiento.<br \/>\n-Recomendado de 0 a 15 kg.<br \/>\n-Reversible (mirando hac\u00eda delante o hac\u00eda atr\u00e1s).<br \/>\n-Se mantiene parado una vez plegado.<br \/>\n-3 posiciones de ajuste del asiento.<br \/>\n-Arn\u00e9s de 5 puntas.<br \/>\n-Ruedas delanteras opcionalmente fijas o m\u00f3viles.<br \/>\n-Suspensi\u00f3n.<br \/>\n-Freno autom\u00e1tico.<br \/>\n-Ruedas removibles.<br \/>\n-Amplio canasto portaobjetos.<br \/>\n-Posavasos.<br \/>\nColores disponibles: Negro con gris.<\/p>\n","protected":false},"excerpt":{"rendered":"<p>Coche De Paseo &#8211; Reversi &#8211; Infanti (D968-IG9G) Caracteristicas: -Apto desde el nacimiento. -Recomendado de 0 a 15 kg. -Reversible (mirando hac\u00eda delante o hac\u00eda atr\u00e1s). -Se mantiene parado una vez plegado. -3 posiciones de ajuste del asiento. -Arn\u00e9s de 5 puntas. -Ruedas delanteras opcionalmente fijas o m\u00f3viles. -Suspensi\u00f3n. -Freno [&hellip;]<\/p>\n","protected":false},"featured_media":21933,"comment_status":"open","ping_status":"closed","template":"","meta":[],"product_cat":[21,104,28],"product_tag":[],"class_list":{"0":"post-7779","1":"product","2":"type-product","3":"status-publish","4":"has-post-thumbnail","6":"product_cat-beb-s","7":"product_cat-cochecitos-para-beb-s","8":"product_cat-paseo-del-beb","10":"first","11":"outofstock","12":"shipping-taxable","13":"purchasable","14":"product-type-simple"},"_links":{"self":[{"href":"https:\/\/www.digamo.uy\/index.php\/wp-json\/wp\/v2\/product\/7779","targetHints":{"allow":["GET"]}}],"collection":[{"href":"https:\/\/www.digamo.uy\/index.php\/wp-json\/wp\/v2\/product"}],"about":[{"href":"https:\/\/www.digamo.uy\/index.php\/wp-json\/wp\/v2\/types\/product"}],"replies":[{"embeddable":true,"href":"https:\/\/www.digamo.uy\/index.php\/wp-json\/wp\/v2\/comments?post=7779"}],"wp:featuredmedia":[{"embeddable":true,"href":"https:\/\/www.digamo.uy\/index.php\/wp-json\/wp\/v2\/media\/21933"}],"wp:attachment":[{"href":"https:\/\/www.digamo.uy\/index.php\/wp-json\/wp\/v2\/media?parent=7779"}],"wp:term":[{"taxonomy":"product_cat","embeddable":true,"href":"https:\/\/www.digamo.uy\/index.php\/wp-json\/wp\/v2\/product_cat?post=7779"},{"taxonomy":"product_tag","embeddable":true,"href":"https:\/\/www.digamo.uy\/index.php\/wp-json\/wp\/v2\/product_tag?post=7779"}],"curies":[{"name":"wp","href":"https:\/\/api.w.org\/{rel}","templated":true}]}}