{"id":7835,"date":"2023-07-05T05:44:12","date_gmt":"2023-07-05T08:44:12","guid":{"rendered":"https:\/\/www.digamo.uy\/index.php\/producto\/producto\/"},"modified":"2024-08-15T17:13:16","modified_gmt":"2024-08-15T20:13:16","slug":"caja-de-constructora-de-lucy-lego-movie-2","status":"publish","type":"product","link":"https:\/\/www.digamo.uy\/index.php\/producto\/caja-de-constructora-de-lucy-lego-movie-2\/","title":{"rendered":"Caja De Constructora De Lucy &#8211; Lego Movie 2"},"content":{"rendered":"<p>&#8212;- ENVIO GRATIS &#8212;-<\/p>\n<p>Caja de Constructora de Lucy &#8211; LEGO Movie 2 (70833)<\/p>\n<p>\u00a1Demuestra tus habilidades como maestro constructor con el set LA LEGO PEL\u00cdCULA 2 \u201c3 en 1\u201d Caja de Constructora de Lucy! <\/p>\n<p>Conduce la moto y salta desde lo alto de la rampa. Lev\u00e1ntate y mueve el esqueleto en la pista de baile. <\/p>\n<p>\u00a1Rel\u00e1jate despu\u00e9s en la ba\u00f1era del spa de Unikitty!<\/p>\n<p>Divertida construcci\u00f3n \u201c3 en 1\u201d<br \/>\nA tu peque le encantar\u00e1 construir los 3 modelos que contiene esta caja y vivir grandes aventuras en el papel de Lucy.<\/p>\n<p>Toda una caja de creatividad<br \/>\nEl desaf\u00edo de construir la moto de Lucy, la pista de baile y el spa de Unikitty inspirar\u00e1 seguro a los fans de LA LEGO PEL\u00cdCULA 2.<\/p>\n<p>Modelos de f\u00e1cil construcci\u00f3n<br \/>\nIdeales para constructores novatos.<\/p>\n<p>F\u00e1cil de transportar<br \/>\nGuarda los ladrillos en la caja para jugar donde quieras.<\/p>\n<p>Fomenta el juego de interpretaci\u00f3n<br \/>\nLos ni\u00f1os pueden imaginar que son Lucy e ir al spa.<\/p>\n<p>Hora de la fiesta<br \/>\nLa pista de baile cuenta con un podio giratorio.<\/p>\n<p>Juego de acci\u00f3n<br \/>\nLa moto de Lucy incluye una rampa.<\/p>\n<p>Horas de diversi\u00f3n<br \/>\nLos peque\u00f1os modelos no imponen l\u00edmites a la imaginaci\u00f3n.<\/p>\n<p>Incluye una minifigura de Lucy<br \/>\nTambi\u00e9n una figura para construir de Unikitty.<\/p>\n<p>Incluye 2 personajes de LA LEGO PEL\u00cdCULA 2: una minifigura de Lucy y una figura de juguete para construir de Unikitty<\/p>\n<p>Este set de construcci\u00f3n \u201c3 en 1\u201d contiene 3 modelos para construir: la moto de Lucy con una rampa de juguete, una pista de baile y el spa de Unikitty<\/p>\n<p>La moto cuenta con asiento para una minifigura y la rampa tiene 2 elementos transl\u00facidos que representan llamas<\/p>\n<p>La pista de baile cuenta con un podio giratorio para una minifigura y una marquesina con elementos transl\u00facidos de colores que representan luces<\/p>\n<p>El spa de Unikitty cuenta con ba\u00f1era de hidromasaje con grifo, arco y elementos transl\u00facidos de color azul que representan el agua, e incluye un lavabo con un cepillo<\/p>\n<p>La moto de juguete mide m\u00e1s de 4 cm de altura y 7 cm de longitud<\/p>\n","protected":false},"excerpt":{"rendered":"<p>&#8212;- ENVIO GRATIS &#8212;- Caja de Constructora de Lucy &#8211; LEGO Movie 2 (70833) \u00a1Demuestra tus habilidades como maestro constructor con el set LA LEGO PEL\u00cdCULA 2 \u201c3 en 1\u201d Caja de Constructora de Lucy! Conduce la moto y salta desde lo alto de la rampa. Lev\u00e1ntate y mueve el [&hellip;]<\/p>\n","protected":false},"featured_media":21990,"comment_status":"open","ping_status":"closed","template":"","meta":[],"product_cat":[45,24,46],"product_tag":[],"class_list":{"0":"post-7835","1":"product","2":"type-product","3":"status-publish","4":"has-post-thumbnail","6":"product_cat-bloques-y-figuras-para-armar","7":"product_cat-juegos-y-juguetes","8":"product_cat-juguetes-de-construcci-n","10":"first","11":"outofstock","12":"shipping-taxable","13":"purchasable","14":"product-type-simple"},"_links":{"self":[{"href":"https:\/\/www.digamo.uy\/index.php\/wp-json\/wp\/v2\/product\/7835","targetHints":{"allow":["GET"]}}],"collection":[{"href":"https:\/\/www.digamo.uy\/index.php\/wp-json\/wp\/v2\/product"}],"about":[{"href":"https:\/\/www.digamo.uy\/index.php\/wp-json\/wp\/v2\/types\/product"}],"replies":[{"embeddable":true,"href":"https:\/\/www.digamo.uy\/index.php\/wp-json\/wp\/v2\/comments?post=7835"}],"wp:featuredmedia":[{"embeddable":true,"href":"https:\/\/www.digamo.uy\/index.php\/wp-json\/wp\/v2\/media\/21990"}],"wp:attachment":[{"href":"https:\/\/www.digamo.uy\/index.php\/wp-json\/wp\/v2\/media?parent=7835"}],"wp:term":[{"taxonomy":"product_cat","embeddable":true,"href":"https:\/\/www.digamo.uy\/index.php\/wp-json\/wp\/v2\/product_cat?post=7835"},{"taxonomy":"product_tag","embeddable":true,"href":"https:\/\/www.digamo.uy\/index.php\/wp-json\/wp\/v2\/product_tag?post=7835"}],"curies":[{"name":"wp","href":"https:\/\/api.w.org\/{rel}","templated":true}]}}