{"id":7974,"date":"2023-07-05T08:45:47","date_gmt":"2023-07-05T08:45:47","guid":{"rendered":"https:\/\/www.digamo.uy\/index.php\/producto\/producto\/"},"modified":"2023-07-05T08:45:55","modified_gmt":"2023-07-05T08:45:55","slug":"butaca-elite-isofix-top-tether-infanti","status":"publish","type":"product","link":"https:\/\/www.digamo.uy\/index.php\/producto\/butaca-elite-isofix-top-tether-infanti\/","title":{"rendered":"Butaca Elite Isofix\/top Tether &#8211; Infanti"},"content":{"rendered":"<p>&#8212;- ENVIO GRATIS &#8212;-<\/p>\n<p>Butaca Elite Isofix\/top Tether &#8211; Infanti (BH1231)<\/p>\n<p>\u00d3ptima protecci\u00f3n contra impactos laterales. Mantiene la cabeza, cuello y espalda alineado para minimizar lesiones.<\/p>\n<p>4 posiciones de reclinaci\u00f3n independiente para dar cabida a un ni\u00f1o en crecimiento mirando hacia delante.<\/p>\n<p>Grupo 1 (9-18 kg)<\/p>\n<p>Grupo 2 (15 \u2013 25 kg)<\/p>\n<p>Grupo 3 (25 \u2013 36 kg)<\/p>\n<p>SPS (Side Proteccion System) sistema contra impacto lateral<\/p>\n<p>Arn\u00e9s de 5 puntos con hebilla italiana marca Sabelt \u2122<\/p>\n<p>Sistema LATCH para sujeci\u00f3n superior<\/p>\n<p>Silla con aplicaciones de cuero<\/p>\n<p>Sistema ISOFIX regulable en altura que permite la conexi\u00f3n directa a puntos de anclaje ISOFIX del veh\u00edculo con indicador rojo\/verde .<\/p>\n<p>Gu\u00eda para el cintur\u00f3n con dise\u00f1o estilizado que orientar el adecuado uso<\/p>\n<p>Asiento dise\u00f1ado con formas de burbujas que proporciona una experiencia de comodidad \u00fanica en su tipo<\/p>\n<p>Sistema de instalaci\u00f3n: ISOFIX + LATCH(Top Tether) o Cintur\u00f3n<\/p>\n<p>Silla de Auto Butaca Grupo 1\/2\/3<\/p>\n<p>Sistema de instalaci\u00f3n: ISOFIX + LATCH(Top Tether) o Cintur\u00f3n<\/p>\n<p>Para ni\u00f1os desde 9 &#8211; 36kg.<\/p>\n","protected":false},"excerpt":{"rendered":"<p>&#8212;- ENVIO GRATIS &#8212;- Butaca Elite Isofix\/top Tether &#8211; Infanti (BH1231) \u00d3ptima protecci\u00f3n contra impactos laterales. Mantiene la cabeza, cuello y espalda alineado para minimizar lesiones. 4 posiciones de reclinaci\u00f3n independiente para dar cabida a un ni\u00f1o en crecimiento mirando hacia delante. Grupo 1 (9-18 kg) Grupo 2 (15 \u2013 [&hellip;]<\/p>\n","protected":false},"featured_media":7975,"comment_status":"open","ping_status":"closed","template":"","meta":[],"product_cat":[21,28,27],"product_tag":[],"class_list":{"0":"post-7974","1":"product","2":"type-product","3":"status-publish","4":"has-post-thumbnail","6":"product_cat-beb-s","7":"product_cat-paseo-del-beb","8":"product_cat-sillas-para-autos","10":"first","11":"instock","12":"shipping-taxable","13":"purchasable","14":"product-type-variable"},"_links":{"self":[{"href":"https:\/\/www.digamo.uy\/index.php\/wp-json\/wp\/v2\/product\/7974","targetHints":{"allow":["GET"]}}],"collection":[{"href":"https:\/\/www.digamo.uy\/index.php\/wp-json\/wp\/v2\/product"}],"about":[{"href":"https:\/\/www.digamo.uy\/index.php\/wp-json\/wp\/v2\/types\/product"}],"replies":[{"embeddable":true,"href":"https:\/\/www.digamo.uy\/index.php\/wp-json\/wp\/v2\/comments?post=7974"}],"wp:featuredmedia":[{"embeddable":true,"href":"https:\/\/www.digamo.uy\/index.php\/wp-json\/wp\/v2\/media\/7975"}],"wp:attachment":[{"href":"https:\/\/www.digamo.uy\/index.php\/wp-json\/wp\/v2\/media?parent=7974"}],"wp:term":[{"taxonomy":"product_cat","embeddable":true,"href":"https:\/\/www.digamo.uy\/index.php\/wp-json\/wp\/v2\/product_cat?post=7974"},{"taxonomy":"product_tag","embeddable":true,"href":"https:\/\/www.digamo.uy\/index.php\/wp-json\/wp\/v2\/product_tag?post=7974"}],"curies":[{"name":"wp","href":"https:\/\/api.w.org\/{rel}","templated":true}]}}