{"id":8101,"date":"2023-07-05T05:47:22","date_gmt":"2023-07-05T08:47:22","guid":{"rendered":"https:\/\/www.digamo.uy\/index.php\/producto\/producto\/"},"modified":"2023-12-09T20:53:47","modified_gmt":"2023-12-09T23:53:47","slug":"pelota-inteligente-cuenta-juegos-smart-ball-intek","status":"publish","type":"product","link":"https:\/\/www.digamo.uy\/index.php\/producto\/pelota-inteligente-cuenta-juegos-smart-ball-intek\/","title":{"rendered":"Pelota Inteligente Cuenta Juegos Smart Ball &#8211; Intek"},"content":{"rendered":"<p>Smart Ball &#8211; Pelota &#8211; Intek (SBCB1)<\/p>\n<p>&#8211; PELOTA SIN CAJA &#8211;<\/p>\n<p>Una pelota inteligente que cuenta \u00a1cu\u00e1ntos jueguitos pod\u00e9s hacer! Para ponerte a prueba y desafiar a tus amigos.<\/p>\n<p>Pelota Smart Ball que cuenta tus dominadas y se ilumina cada vez que la golpeas. <\/p>\n<p>Presiona el bot\u00f3n hasta escuchar el beep y luego domina el bal\u00f3n y \u00e9ste ir\u00e1 contado. <\/p>\n<p>Cuenta hasta 100 dominadas, con cada golpe brilla una luz azul en su interior.<\/p>\n<p>Se puede utilizar para jugar al futbol, para evitar da\u00f1os tan solo debes reemplazar el sensor por el tap\u00f3n incluido en esta.<\/p>\n<p>INFORMACI\u00d3N ADICIONAL:<br \/>\nDimensiones de la caja: 27 cm Ancho x 30 cm Profundidad x 15 cm Alto<br \/>\nRequiere pilas incluidas<\/p>\n","protected":false},"excerpt":{"rendered":"<p>Smart Ball &#8211; Pelota &#8211; Intek (SBCB1) &#8211; PELOTA SIN CAJA &#8211; Una pelota inteligente que cuenta \u00a1cu\u00e1ntos jueguitos pod\u00e9s hacer! Para ponerte a prueba y desafiar a tus amigos. Pelota Smart Ball que cuenta tus dominadas y se ilumina cada vez que la golpeas. Presiona el bot\u00f3n hasta escuchar [&hellip;]<\/p>\n","protected":false},"featured_media":8104,"comment_status":"open","ping_status":"closed","template":"","meta":[],"product_cat":[295,24,53],"product_tag":[],"class_list":{"0":"post-8101","1":"product","2":"type-product","3":"status-publish","4":"has-post-thumbnail","6":"product_cat-juegos-de-plaza-y-aire-libre","7":"product_cat-juegos-y-juguetes","8":"product_cat-otros","10":"first","11":"outofstock","12":"shipping-taxable","13":"purchasable","14":"product-type-simple"},"_links":{"self":[{"href":"https:\/\/www.digamo.uy\/index.php\/wp-json\/wp\/v2\/product\/8101","targetHints":{"allow":["GET"]}}],"collection":[{"href":"https:\/\/www.digamo.uy\/index.php\/wp-json\/wp\/v2\/product"}],"about":[{"href":"https:\/\/www.digamo.uy\/index.php\/wp-json\/wp\/v2\/types\/product"}],"replies":[{"embeddable":true,"href":"https:\/\/www.digamo.uy\/index.php\/wp-json\/wp\/v2\/comments?post=8101"}],"wp:featuredmedia":[{"embeddable":true,"href":"https:\/\/www.digamo.uy\/index.php\/wp-json\/wp\/v2\/media\/8104"}],"wp:attachment":[{"href":"https:\/\/www.digamo.uy\/index.php\/wp-json\/wp\/v2\/media?parent=8101"}],"wp:term":[{"taxonomy":"product_cat","embeddable":true,"href":"https:\/\/www.digamo.uy\/index.php\/wp-json\/wp\/v2\/product_cat?post=8101"},{"taxonomy":"product_tag","embeddable":true,"href":"https:\/\/www.digamo.uy\/index.php\/wp-json\/wp\/v2\/product_tag?post=8101"}],"curies":[{"name":"wp","href":"https:\/\/api.w.org\/{rel}","templated":true}]}}