{"id":8654,"date":"2023-07-05T08:54:17","date_gmt":"2023-07-05T08:54:17","guid":{"rendered":"https:\/\/www.digamo.uy\/index.php\/producto\/producto\/"},"modified":"2023-07-05T08:54:22","modified_gmt":"2023-07-05T08:54:22","slug":"camion-de-bombreros-megabloks","status":"publish","type":"product","link":"https:\/\/www.digamo.uy\/index.php\/producto\/camion-de-bombreros-megabloks\/","title":{"rendered":"Cami\u00f3n De Bombreros &#8211; Megabloks"},"content":{"rendered":"<p>Cami\u00f3n de bomberos &#8211; MEGABLOKS (DXH38)<\/p>\n<p>Caracter\u00edsticas del producto<br \/>\n\u00a1Es una aventura de extinci\u00f3n de incendios para tu peque\u00f1o h\u00e9roe con este brillante cami\u00f3n de bomberos rojo! Usa los bloques y las partes especiales para construir una estaci\u00f3n de bomberos de colores. Luego, abre la puerta de la estaci\u00f3n y env\u00eda al bombero al rescate cuando lo sientas en el cami\u00f3n de bomberos rodante. \u00a1Incluso puedes llevar a su adorable perro a lo largo del paseo! Levante la escalera y suba a la cima para apagar el fuego y salvar el d\u00eda. Luego, dir\u00edjase a la estaci\u00f3n antes de guardar todas las cuadras dentro del cami\u00f3n.<\/p>\n<p>Ideal para edades de 1 a 5 a\u00f1os.<\/p>\n<p>Cami\u00f3n de bomberos rojo brillante y estaci\u00f3n de bomberos de f\u00e1cil construcci\u00f3n<br \/>\nEl juego de 10 piezas incluye bloques de construcci\u00f3n con decoraci\u00f3n tem\u00e1tica de rescate<br \/>\nEscalera m\u00f3vil y puerta de la estaci\u00f3n de bomberos que realmente se abre!<br \/>\nViene con los bomberos y Dog Block Buddies \u2122<br \/>\nConstruir derecho sobre el cami\u00f3n de bomberos<br \/>\nPerfecto para peque\u00f1as manos<br \/>\nJuego pr\u00e1ctico para el desarrollo de la primera infancia.<br \/>\nAlmacenaje interior para bloques.<br \/>\n\u00a1Comb\u00ednalo con otros juguetes preescolares Mega\u00ae Bloks y constr\u00fayelos!<br \/>\nLos juegos manuales estimulan el desarrollo desde la primera infancia<\/p>\n","protected":false},"excerpt":{"rendered":"<p>Cami\u00f3n de bomberos &#8211; MEGABLOKS (DXH38) Caracter\u00edsticas del producto \u00a1Es una aventura de extinci\u00f3n de incendios para tu peque\u00f1o h\u00e9roe con este brillante cami\u00f3n de bomberos rojo! Usa los bloques y las partes especiales para construir una estaci\u00f3n de bomberos de colores. Luego, abre la puerta de la estaci\u00f3n y [&hellip;]<\/p>\n","protected":false},"featured_media":8655,"comment_status":"open","ping_status":"closed","template":"","meta":[],"product_cat":[45,24,46],"product_tag":[],"class_list":{"0":"post-8654","1":"product","2":"type-product","3":"status-publish","4":"has-post-thumbnail","6":"product_cat-bloques-y-figuras-para-armar","7":"product_cat-juegos-y-juguetes","8":"product_cat-juguetes-de-construcci-n","10":"first","11":"instock","12":"shipping-taxable","13":"purchasable","14":"product-type-simple"},"_links":{"self":[{"href":"https:\/\/www.digamo.uy\/index.php\/wp-json\/wp\/v2\/product\/8654","targetHints":{"allow":["GET"]}}],"collection":[{"href":"https:\/\/www.digamo.uy\/index.php\/wp-json\/wp\/v2\/product"}],"about":[{"href":"https:\/\/www.digamo.uy\/index.php\/wp-json\/wp\/v2\/types\/product"}],"replies":[{"embeddable":true,"href":"https:\/\/www.digamo.uy\/index.php\/wp-json\/wp\/v2\/comments?post=8654"}],"wp:featuredmedia":[{"embeddable":true,"href":"https:\/\/www.digamo.uy\/index.php\/wp-json\/wp\/v2\/media\/8655"}],"wp:attachment":[{"href":"https:\/\/www.digamo.uy\/index.php\/wp-json\/wp\/v2\/media?parent=8654"}],"wp:term":[{"taxonomy":"product_cat","embeddable":true,"href":"https:\/\/www.digamo.uy\/index.php\/wp-json\/wp\/v2\/product_cat?post=8654"},{"taxonomy":"product_tag","embeddable":true,"href":"https:\/\/www.digamo.uy\/index.php\/wp-json\/wp\/v2\/product_tag?post=8654"}],"curies":[{"name":"wp","href":"https:\/\/api.w.org\/{rel}","templated":true}]}}