{"id":8684,"date":"2023-07-05T08:54:47","date_gmt":"2023-07-05T08:54:47","guid":{"rendered":"https:\/\/www.digamo.uy\/index.php\/producto\/producto\/"},"modified":"2024-06-02T19:35:06","modified_gmt":"2024-06-02T22:35:06","slug":"pelela-de-bebe-tipo-inodoro","status":"publish","type":"product","link":"https:\/\/www.digamo.uy\/index.php\/producto\/pelela-de-bebe-tipo-inodoro\/","title":{"rendered":"Pelela De Beb\u00e9 Tipo Inodoro"},"content":{"rendered":"<p>Pelela beb\u00e9 tipo water con ojitos (6813)<\/p>\n<p>Especificaciones:<br \/>\n\u2022Practica para limpieza m\u00e1s r\u00e1pida y higi\u00e9nica<br \/>\n\u2022Colocarlo en el suelo para mayor estabilidad<\/p>\n","protected":false},"excerpt":{"rendered":"<p>Pelela beb\u00e9 tipo water con ojitos (6813) Especificaciones: \u2022Practica para limpieza m\u00e1s r\u00e1pida y higi\u00e9nica \u2022Colocarlo en el suelo para mayor estabilidad<\/p>\n","protected":false},"featured_media":8685,"comment_status":"open","ping_status":"closed","template":"","meta":[],"product_cat":[20,21,19],"product_tag":[],"class_list":{"0":"post-8684","1":"product","2":"type-product","3":"status-publish","4":"has-post-thumbnail","6":"product_cat-art-culos-de-beb-s-para-ba-o","7":"product_cat-beb-s","8":"product_cat-pelelas","10":"first","11":"instock","12":"shipping-taxable","13":"purchasable","14":"product-type-simple"},"_links":{"self":[{"href":"https:\/\/www.digamo.uy\/index.php\/wp-json\/wp\/v2\/product\/8684","targetHints":{"allow":["GET"]}}],"collection":[{"href":"https:\/\/www.digamo.uy\/index.php\/wp-json\/wp\/v2\/product"}],"about":[{"href":"https:\/\/www.digamo.uy\/index.php\/wp-json\/wp\/v2\/types\/product"}],"replies":[{"embeddable":true,"href":"https:\/\/www.digamo.uy\/index.php\/wp-json\/wp\/v2\/comments?post=8684"}],"wp:featuredmedia":[{"embeddable":true,"href":"https:\/\/www.digamo.uy\/index.php\/wp-json\/wp\/v2\/media\/8685"}],"wp:attachment":[{"href":"https:\/\/www.digamo.uy\/index.php\/wp-json\/wp\/v2\/media?parent=8684"}],"wp:term":[{"taxonomy":"product_cat","embeddable":true,"href":"https:\/\/www.digamo.uy\/index.php\/wp-json\/wp\/v2\/product_cat?post=8684"},{"taxonomy":"product_tag","embeddable":true,"href":"https:\/\/www.digamo.uy\/index.php\/wp-json\/wp\/v2\/product_tag?post=8684"}],"curies":[{"name":"wp","href":"https:\/\/api.w.org\/{rel}","templated":true}]}}