{"id":8692,"date":"2023-07-05T08:54:58","date_gmt":"2023-07-05T08:54:58","guid":{"rendered":"https:\/\/www.digamo.uy\/index.php\/producto\/producto\/"},"modified":"2024-06-02T19:35:07","modified_gmt":"2024-06-02T22:35:07","slug":"pelela-silla-de-bebe","status":"publish","type":"product","link":"https:\/\/www.digamo.uy\/index.php\/producto\/pelela-silla-de-bebe\/","title":{"rendered":"Pelela \/ Silla De Beb\u00e9"},"content":{"rendered":"<p>Pelela \/ silla de beb\u00e9 (1344)<\/p>\n<p>En los 3 colores que aparecen en la foto.<br \/>\nForma de silla y practica para el estimulo del beb\u00e9<br \/>\nEspecificaciones:<br \/>\n\u2022Practica para limpieza m\u00e1s r\u00e1pida e higi\u00e9nica<br \/>\n\u2022Colocarlo en el suelo para mayor estabilidad<\/p>\n","protected":false},"excerpt":{"rendered":"<p>Pelela \/ silla de beb\u00e9 (1344) En los 3 colores que aparecen en la foto. Forma de silla y practica para el estimulo del beb\u00e9 Especificaciones: \u2022Practica para limpieza m\u00e1s r\u00e1pida e higi\u00e9nica \u2022Colocarlo en el suelo para mayor estabilidad<\/p>\n","protected":false},"featured_media":8693,"comment_status":"open","ping_status":"closed","template":"","meta":[],"product_cat":[20,21,19],"product_tag":[],"class_list":{"0":"post-8692","1":"product","2":"type-product","3":"status-publish","4":"has-post-thumbnail","6":"product_cat-art-culos-de-beb-s-para-ba-o","7":"product_cat-beb-s","8":"product_cat-pelelas","10":"first","11":"instock","12":"shipping-taxable","13":"purchasable","14":"product-type-simple"},"_links":{"self":[{"href":"https:\/\/www.digamo.uy\/index.php\/wp-json\/wp\/v2\/product\/8692","targetHints":{"allow":["GET"]}}],"collection":[{"href":"https:\/\/www.digamo.uy\/index.php\/wp-json\/wp\/v2\/product"}],"about":[{"href":"https:\/\/www.digamo.uy\/index.php\/wp-json\/wp\/v2\/types\/product"}],"replies":[{"embeddable":true,"href":"https:\/\/www.digamo.uy\/index.php\/wp-json\/wp\/v2\/comments?post=8692"}],"wp:featuredmedia":[{"embeddable":true,"href":"https:\/\/www.digamo.uy\/index.php\/wp-json\/wp\/v2\/media\/8693"}],"wp:attachment":[{"href":"https:\/\/www.digamo.uy\/index.php\/wp-json\/wp\/v2\/media?parent=8692"}],"wp:term":[{"taxonomy":"product_cat","embeddable":true,"href":"https:\/\/www.digamo.uy\/index.php\/wp-json\/wp\/v2\/product_cat?post=8692"},{"taxonomy":"product_tag","embeddable":true,"href":"https:\/\/www.digamo.uy\/index.php\/wp-json\/wp\/v2\/product_tag?post=8692"}],"curies":[{"name":"wp","href":"https:\/\/api.w.org\/{rel}","templated":true}]}}