{"id":8889,"date":"2023-07-05T08:58:02","date_gmt":"2023-07-05T08:58:02","guid":{"rendered":"https:\/\/www.digamo.uy\/index.php\/producto\/producto\/"},"modified":"2023-07-05T08:58:06","modified_gmt":"2023-07-05T08:58:06","slug":"coche-urban-ultraliviano-bbpro","status":"publish","type":"product","link":"https:\/\/www.digamo.uy\/index.php\/producto\/coche-urban-ultraliviano-bbpro\/","title":{"rendered":"Coche Urban &#8211; Ultraliviano &#8211; Bbpro"},"content":{"rendered":"<p>&#8212;- ENVIO GRATIS &#8212;-<\/p>\n<p>Coche Urban &#8211; Ultraliviano &#8211; Bbpro<\/p>\n<p>La nueva generaci\u00f3n en coches de paseo urbanos, liviano y ultra compacto pero a su vez muy c\u00f3modo para tu hijo.Ultra liviano solo 6 kg .<br \/>\nTama\u00f1o ultra compacto despu\u00e9s de plegado, f\u00e1cilmente la madre puede abrir y cerrar el coche con el ni\u00f1o en sus brazos<br \/>\nAtractivo dise\u00f1o. Dise\u00f1o Alem\u00e1n, certificaci\u00f3n europea.<br \/>\nTama\u00f1o ultra compacto despu\u00e9s de plegado, compatible con cabina del avi\u00f3n, capota mas larga.  <\/p>\n<p>Caracter\u00edsticas:<br \/>\nPlegable con una sola mano<br \/>\nAtractivo dise\u00f1o alem\u00e1n, certificaci\u00f3n europea<br \/>\nTama\u00f1o ultra compacto despu\u00e9s de plegado<br \/>\nArn\u00e9s de 5 puntas<br \/>\nBarra delantera protectora removible<br \/>\nReclinaci\u00f3n m\u00faltiple, hasta 170 grados<br \/>\nUltra resistente. f\u00e1cil de transportar, c\u00f3modo acolchado, tela suave y respirable<br \/>\nRuedas con suspensi\u00f3n para una conducci\u00f3n mas ligera y suave<br \/>\nRuedas de PU para mayor duraci\u00f3n<br \/>\nMarco de aluminio<br \/>\nFreno de un solo toque<br \/>\nApto desde el nacimiento a hasta los 4 a\u00f1os y hasta 18 Kg.<br \/>\nCorrea de transporte<br \/>\nTama\u00f1o plegado: 55 cm x 28 cm x 47cm aproximado<br \/>\nCanasta inferior con capacidad de carga 3 kilos<\/p>\n","protected":false},"excerpt":{"rendered":"<p>&#8212;- ENVIO GRATIS &#8212;- Coche Urban &#8211; Ultraliviano &#8211; Bbpro La nueva generaci\u00f3n en coches de paseo urbanos, liviano y ultra compacto pero a su vez muy c\u00f3modo para tu hijo.Ultra liviano solo 6 kg . Tama\u00f1o ultra compacto despu\u00e9s de plegado, f\u00e1cilmente la madre puede abrir y cerrar el [&hellip;]<\/p>\n","protected":false},"featured_media":8890,"comment_status":"open","ping_status":"closed","template":"","meta":[],"product_cat":[21,104,28],"product_tag":[],"class_list":{"0":"post-8889","1":"product","2":"type-product","3":"status-publish","4":"has-post-thumbnail","6":"product_cat-beb-s","7":"product_cat-cochecitos-para-beb-s","8":"product_cat-paseo-del-beb","10":"first","11":"instock","12":"shipping-taxable","13":"purchasable","14":"product-type-simple"},"_links":{"self":[{"href":"https:\/\/www.digamo.uy\/index.php\/wp-json\/wp\/v2\/product\/8889","targetHints":{"allow":["GET"]}}],"collection":[{"href":"https:\/\/www.digamo.uy\/index.php\/wp-json\/wp\/v2\/product"}],"about":[{"href":"https:\/\/www.digamo.uy\/index.php\/wp-json\/wp\/v2\/types\/product"}],"replies":[{"embeddable":true,"href":"https:\/\/www.digamo.uy\/index.php\/wp-json\/wp\/v2\/comments?post=8889"}],"wp:featuredmedia":[{"embeddable":true,"href":"https:\/\/www.digamo.uy\/index.php\/wp-json\/wp\/v2\/media\/8890"}],"wp:attachment":[{"href":"https:\/\/www.digamo.uy\/index.php\/wp-json\/wp\/v2\/media?parent=8889"}],"wp:term":[{"taxonomy":"product_cat","embeddable":true,"href":"https:\/\/www.digamo.uy\/index.php\/wp-json\/wp\/v2\/product_cat?post=8889"},{"taxonomy":"product_tag","embeddable":true,"href":"https:\/\/www.digamo.uy\/index.php\/wp-json\/wp\/v2\/product_tag?post=8889"}],"curies":[{"name":"wp","href":"https:\/\/api.w.org\/{rel}","templated":true}]}}